{"id":1774,"date":"2021-04-24T23:22:00","date_gmt":"2021-04-24T23:22:00","guid":{"rendered":"https:\/\/highseastudio.com\/demo\/coach\/life\/?page_id=15"},"modified":"2024-10-22T14:09:38","modified_gmt":"2024-10-22T12:09:38","slug":"home-2-2","status":"publish","type":"page","link":"https:\/\/monikaromanowska.pl\/lp\/","title":{"rendered":"strona g\u0142\u00f3wna"},"content":{"rendered":"\t\t<div data-elementor-type=\"wp-page\" data-elementor-id=\"1774\" class=\"elementor elementor-1774\">\n\t\t\t\t\t\t<section class=\"elementor-section elementor-top-section elementor-element elementor-element-2a15dbe elementor-section-height-full hero-scene elementor-section-boxed elementor-section-height-default elementor-section-items-middle\" data-id=\"2a15dbe\" data-element_type=\"section\" data-settings=\"{&quot;background_background&quot;:&quot;classic&quot;}\">\n\t\t\t\t\t\t<div class=\"elementor-container elementor-column-gap-extended\">\n\t\t\t\t\t<div class=\"elementor-column elementor-col-100 elementor-top-column elementor-element elementor-element-3a64830\" data-id=\"3a64830\" data-element_type=\"column\">\n\t\t\t<div class=\"elementor-widget-wrap elementor-element-populated\">\n\t\t\t\t\t\t<div class=\"elementor-element elementor-element-9ceea55 elementor-widget__width-initial elementor-widget-tablet__width-initial elementor-hidden-mobile elementor-invisible elementor-widget elementor-widget-heading\" data-id=\"9ceea55\" data-element_type=\"widget\" data-settings=\"{&quot;_animation&quot;:&quot;fadeInUp&quot;}\" data-widget_type=\"heading.default\">\n\t\t\t\t<div class=\"elementor-widget-container\">\n\t\t\t<style>\/*! elementor - v3.23.0 - 25-07-2024 *\/\n.elementor-heading-title{padding:0;margin:0;line-height:1}.elementor-widget-heading .elementor-heading-title[class*=elementor-size-]>a{color:inherit;font-size:inherit;line-height:inherit}.elementor-widget-heading .elementor-heading-title.elementor-size-small{font-size:15px}.elementor-widget-heading .elementor-heading-title.elementor-size-medium{font-size:19px}.elementor-widget-heading .elementor-heading-title.elementor-size-large{font-size:29px}.elementor-widget-heading .elementor-heading-title.elementor-size-xl{font-size:39px}.elementor-widget-heading .elementor-heading-title.elementor-size-xxl{font-size:59px}<\/style><h1 class=\"elementor-heading-title elementor-size-default\">ZMIANA JEST MO\u017bLIWA<\/h1>\t\t<\/div>\n\t\t\t\t<\/div>\n\t\t\t\t<div class=\"elementor-element elementor-element-11682b1 elementor-widget__width-initial elementor-hidden-tablet elementor-hidden-phone elementor-invisible elementor-widget elementor-widget-text-editor\" data-id=\"11682b1\" data-element_type=\"widget\" data-settings=\"{&quot;_animation&quot;:&quot;fadeInUp&quot;,&quot;_animation_delay&quot;:300}\" data-widget_type=\"text-editor.default\">\n\t\t\t\t<div class=\"elementor-widget-container\">\n\t\t\t<style>\/*! elementor - v3.23.0 - 25-07-2024 *\/\n.elementor-widget-text-editor.elementor-drop-cap-view-stacked .elementor-drop-cap{background-color:#69727d;color:#fff}.elementor-widget-text-editor.elementor-drop-cap-view-framed .elementor-drop-cap{color:#69727d;border:3px solid;background-color:transparent}.elementor-widget-text-editor:not(.elementor-drop-cap-view-default) .elementor-drop-cap{margin-top:8px}.elementor-widget-text-editor:not(.elementor-drop-cap-view-default) .elementor-drop-cap-letter{width:1em;height:1em}.elementor-widget-text-editor .elementor-drop-cap{float:left;text-align:center;line-height:1;font-size:50px}.elementor-widget-text-editor .elementor-drop-cap-letter{display:inline-block}<\/style>\t\t\t\t<div data-pm-slice=\"1 1 []\" data-en-clipboard=\"true\"><p><span style=\"font-size: x-large; color: var(--text-color); font-family: var(--text-font); font-weight: var( --e-global-typography-text-font-weight ); background-color: #ffffff;\">Zyskaj wewn\u0119trzn\u0105 si\u0142\u0119 i \u017cyj pe\u0142niej<\/span><\/p><p><span style=\"font-size: medium;\">dzi\u0119ki terapii schemat\u00f3w.<\/span><\/p><div data-pm-slice=\"1 1 []\" data-en-clipboard=\"true\"><p style=\"line-height: 1px; margin-bottom: 0cm; background: transparent; color: #000000; font-size: medium; letter-spacing: normal;\">\u00a0<\/p><\/div><\/div>\t\t\t\t\t\t<\/div>\n\t\t\t\t<\/div>\n\t\t\t\t<div class=\"elementor-element elementor-element-7693876 elementor-widget-tablet__width-auto elementor-invisible elementor-widget elementor-widget-leadership-button\" data-id=\"7693876\" data-element_type=\"widget\" data-settings=\"{&quot;_animation&quot;:&quot;fadeInUp&quot;,&quot;_animation_delay&quot;:600}\" data-widget_type=\"leadership-button.default\">\n\t\t\t\t<div class=\"elementor-widget-container\">\n\t\t\t\r\n        <div class=\"button-wrapper\">\r\n\r\n            <a href=\"https:\/\/monikaromanowska.pl\/rezerwacja\/\"\r\n               class=\"leadership-btn leadership-color-btn    \"\r\n               target=\"_self\">\r\n\r\n                Um\u00f3w wizyt\u0119\r\n                \r\n            <\/a>\r\n\r\n        <\/div>\r\n\r\n        \t\t<\/div>\n\t\t\t\t<\/div>\n\t\t\t\t<div class=\"elementor-element elementor-element-ec3e7bd elementor-widget__width-auto elementor-absolute elementor-hidden-tablet elementor-hidden-phone elementor-invisible elementor-widget elementor-widget-image\" data-id=\"ec3e7bd\" data-element_type=\"widget\" data-settings=\"{&quot;_position&quot;:&quot;absolute&quot;,&quot;_animation&quot;:&quot;fadeIn&quot;,&quot;_animation_delay&quot;:1200}\" data-widget_type=\"image.default\">\n\t\t\t\t<div class=\"elementor-widget-container\">\n\t\t\t<style>\/*! elementor - v3.23.0 - 25-07-2024 *\/\n.elementor-widget-image{text-align:center}.elementor-widget-image a{display:inline-block}.elementor-widget-image a img[src$=\".svg\"]{width:48px}.elementor-widget-image img{vertical-align:middle;display:inline-block}<\/style>\t\t\t\t\t\t\t\t\t\t<img fetchpriority=\"high\" fetchpriority=\"high\" decoding=\"async\" width=\"424\" height=\"136\" src=\"https:\/\/monikaromanowska.pl\/lp\/wp-content\/uploads\/2022\/10\/Monika-Romanowska-6.png\" class=\"attachment-full size-full wp-image-2073\" alt=\"\" srcset=\"https:\/\/monikaromanowska.pl\/lp\/wp-content\/uploads\/2022\/10\/Monika-Romanowska-6.png 424w, https:\/\/monikaromanowska.pl\/lp\/wp-content\/uploads\/2022\/10\/Monika-Romanowska-6-300x96.png 300w\" sizes=\"(max-width: 424px) 100vw, 424px\" \/>\t\t\t\t\t\t\t\t\t\t\t\t\t<\/div>\n\t\t\t\t<\/div>\n\t\t\t\t\t<\/div>\n\t\t<\/div>\n\t\t\t\t\t<\/div>\n\t\t<\/section>\n\t\t\t\t<section class=\"elementor-section elementor-top-section elementor-element elementor-element-c6056b8 elementor-section-full_width elementor-section-height-default elementor-section-height-default\" data-id=\"c6056b8\" data-element_type=\"section\" data-settings=\"{&quot;background_background&quot;:&quot;classic&quot;}\">\n\t\t\t\t\t\t<div class=\"elementor-container elementor-column-gap-no\">\n\t\t\t\t\t<div class=\"elementor-column elementor-col-100 elementor-top-column elementor-element elementor-element-1a22b1d\" data-id=\"1a22b1d\" data-element_type=\"column\">\n\t\t\t<div class=\"elementor-widget-wrap elementor-element-populated\">\n\t\t\t\t\t\t<section class=\"elementor-section elementor-inner-section elementor-element elementor-element-6cd20d0 elementor-section-content-middle elementor-section-boxed elementor-section-height-default elementor-section-height-default\" data-id=\"6cd20d0\" data-element_type=\"section\">\n\t\t\t\t\t\t<div class=\"elementor-container elementor-column-gap-extended\">\n\t\t\t\t\t<div class=\"elementor-column elementor-col-100 elementor-inner-column elementor-element elementor-element-8df7aa4\" data-id=\"8df7aa4\" data-element_type=\"column\">\n\t\t\t<div class=\"elementor-widget-wrap elementor-element-populated\">\n\t\t\t\t\t\t<div class=\"elementor-element elementor-element-8cf5a75 elementor-invisible elementor-widget elementor-widget-heading\" data-id=\"8cf5a75\" data-element_type=\"widget\" data-settings=\"{&quot;_animation&quot;:&quot;fadeIn&quot;}\" data-widget_type=\"heading.default\">\n\t\t\t\t<div class=\"elementor-widget-container\">\n\t\t\t<h2 class=\"elementor-heading-title elementor-size-default\">dr n. spo\u0142.  Monika Romanowska<\/h2>\t\t<\/div>\n\t\t\t\t<\/div>\n\t\t\t\t<div class=\"elementor-element elementor-element-9f373e1 elementor-widget__width-initial elementor-invisible elementor-widget elementor-widget-text-editor\" data-id=\"9f373e1\" data-element_type=\"widget\" data-settings=\"{&quot;_animation&quot;:&quot;fadeIn&quot;,&quot;_animation_delay&quot;:300}\" data-widget_type=\"text-editor.default\">\n\t\t\t\t<div class=\"elementor-widget-container\">\n\t\t\t\t\t\t\t<div data-pm-slice=\"1 1 []\" data-en-clipboard=\"true\">Jestem psychologiem i psychoterapeutk\u0105 z Gdyni. Od lat pomagam moim klientom radzi\u0107 sobie z emocjami, rozwi\u0105zywa\u0107 problemy, zmienia\u0107 my\u015blenie i budowa\u0107 dobre relacje z innymi. Jestem po to, by wspiera\u0107 w procesie rozwoju i zmiany.<\/div>\t\t\t\t\t\t<\/div>\n\t\t\t\t<\/div>\n\t\t\t\t<div class=\"elementor-element elementor-element-82dd6fd elementor-widget elementor-widget-spacer\" data-id=\"82dd6fd\" data-element_type=\"widget\" data-widget_type=\"spacer.default\">\n\t\t\t\t<div class=\"elementor-widget-container\">\n\t\t\t<style>\/*! elementor - v3.23.0 - 25-07-2024 *\/\n.elementor-column .elementor-spacer-inner{height:var(--spacer-size)}.e-con{--container-widget-width:100%}.e-con-inner>.elementor-widget-spacer,.e-con>.elementor-widget-spacer{width:var(--container-widget-width,var(--spacer-size));--align-self:var(--container-widget-align-self,initial);--flex-shrink:0}.e-con-inner>.elementor-widget-spacer>.elementor-widget-container,.e-con>.elementor-widget-spacer>.elementor-widget-container{height:100%;width:100%}.e-con-inner>.elementor-widget-spacer>.elementor-widget-container>.elementor-spacer,.e-con>.elementor-widget-spacer>.elementor-widget-container>.elementor-spacer{height:100%}.e-con-inner>.elementor-widget-spacer>.elementor-widget-container>.elementor-spacer>.elementor-spacer-inner,.e-con>.elementor-widget-spacer>.elementor-widget-container>.elementor-spacer>.elementor-spacer-inner{height:var(--container-widget-height,var(--spacer-size))}.e-con-inner>.elementor-widget-spacer.elementor-widget-empty,.e-con>.elementor-widget-spacer.elementor-widget-empty{position:relative;min-height:22px;min-width:22px}.e-con-inner>.elementor-widget-spacer.elementor-widget-empty .elementor-widget-empty-icon,.e-con>.elementor-widget-spacer.elementor-widget-empty .elementor-widget-empty-icon{position:absolute;top:0;bottom:0;left:0;right:0;margin:auto;padding:0;width:22px;height:22px}<\/style>\t\t<div class=\"elementor-spacer\">\n\t\t\t<div class=\"elementor-spacer-inner\"><\/div>\n\t\t<\/div>\n\t\t\t\t<\/div>\n\t\t\t\t<\/div>\n\t\t\t\t<div class=\"elementor-element elementor-element-5fce5e5 elementor-widget__width-auto elementor-invisible elementor-widget elementor-widget-leadership-button\" data-id=\"5fce5e5\" data-element_type=\"widget\" data-settings=\"{&quot;_animation&quot;:&quot;fadeIn&quot;,&quot;_animation_delay&quot;:600}\" data-widget_type=\"leadership-button.default\">\n\t\t\t\t<div class=\"elementor-widget-container\">\n\t\t\t\r\n        <div class=\"button-wrapper\">\r\n\r\n            <a href=\"http:\/\/monikaromanowska.pl\/o-mnie\/\"\r\n               class=\"leadership-btn leadership-border-btn    \"\r\n               target=\"_self\">\r\n\r\n                O mnie\r\n                \r\n            <\/a>\r\n\r\n        <\/div>\r\n\r\n        \t\t<\/div>\n\t\t\t\t<\/div>\n\t\t\t\t\t<\/div>\n\t\t<\/div>\n\t\t\t\t\t<\/div>\n\t\t<\/section>\n\t\t\t\t\t<\/div>\n\t\t<\/div>\n\t\t\t\t\t<\/div>\n\t\t<\/section>\n\t\t\t\t<section class=\"elementor-section elementor-top-section elementor-element elementor-element-7e4941f elementor-section-boxed elementor-section-height-default elementor-section-height-default\" data-id=\"7e4941f\" data-element_type=\"section\" data-settings=\"{&quot;background_background&quot;:&quot;classic&quot;}\">\n\t\t\t\t\t\t<div class=\"elementor-container elementor-column-gap-extended\">\n\t\t\t\t\t<div class=\"elementor-column elementor-col-100 elementor-top-column elementor-element elementor-element-5b1da2a\" data-id=\"5b1da2a\" data-element_type=\"column\">\n\t\t\t<div class=\"elementor-widget-wrap elementor-element-populated\">\n\t\t\t\t\t\t<div class=\"elementor-element elementor-element-4822a08 elementor-invisible elementor-widget elementor-widget-leadership-featured-posts\" data-id=\"4822a08\" data-element_type=\"widget\" data-settings=\"{&quot;_animation&quot;:&quot;fadeIn&quot;}\" data-widget_type=\"leadership-featured-posts.default\">\n\t\t\t\t<div class=\"elementor-widget-container\">\n\t\t\t\r\n                <div class=\"featured-posts-section\">\r\n\r\n                    <div class=\"left-side\">\r\n\r\n                        <div class=\"leadership-life-service\"\r\n                             style=\"background-image: url(https:\/\/monikaromanowska.pl\/lp\/wp-content\/uploads\/2021\/01\/Untitled-design-2-e1680096088678-1024x738.png);background-size:cover\">\r\n\r\n                            <div class=\"card-inner\">\r\n\r\n                                \r\n                                \r\n                                    <span class=\"post-format\">\r\n\r\n                            Stacjonarnie lub online\r\n                        <\/span>\r\n\r\n                                \r\n                                <h4 class=\"post-title\">\r\n\r\n                                    <a href=\"https:\/\/monikaromanowska.pl\/lp\/oferta\/psychoterapia-indywidualna\/\">\r\n\r\n                                        Psychoterapia indywidualna\r\n                                    <\/a>\r\n\r\n                                <\/h4>\r\n\r\n                                \r\n                            <\/div>\r\n\r\n                        <\/div>\r\n\r\n                    <\/div>\r\n\r\n                    <div class=\"right-side\">\r\n\r\n                        <div class=\"leadership-life-service\"\r\n                             style=\"background-image: url(https:\/\/monikaromanowska.pl\/lp\/wp-content\/uploads\/2021\/01\/Untitled-design-6-1024x738.png);background-size:cover\">\r\n\r\n                            <div class=\"card-inner\">\r\n\r\n                                \r\n                                \r\n                                    <span class=\"post-format\">\r\n\r\n                            Online\r\n                        <\/span>\r\n\r\n                                \r\n                                <h4 class=\"post-title\">\r\n\r\n                                    <a href=\"https:\/\/monikaromanowska.pl\/lp\/oferta\/psychoterapia-online\/\">\r\n\r\n                                        Psychoterapia online\r\n                                    <\/a>\r\n\r\n                                <\/h4>\r\n\r\n                                \r\n                            <\/div>\r\n\r\n                        <\/div>\r\n\r\n                        <div class=\"leadership-life-service\"\r\n                             style=\"background-image: url(https:\/\/monikaromanowska.pl\/lp\/wp-content\/uploads\/2021\/01\/Untitled-design-5-1024x738.png);background-size:cover\">\r\n\r\n                            <div class=\"card-inner\">\r\n\r\n                                \r\n                                \r\n                                    <span class=\"post-format\">\r\n\r\n                            PROGRAM ONLINE\r\n                        <\/span>\r\n\r\n                                \r\n                                <h4 class=\"post-title\">\r\n\r\n                                    <a href=\"https:\/\/monikaromanowska.pl\/lp\/oferta\/5-strategii-na-wewnetrznego-krytyka\/\">\r\n\r\n                                        5 strategii na Wewn\u0119trznego Krytyka\r\n                                    <\/a>\r\n\r\n                                <\/h4>\r\n\r\n                                \r\n                            <\/div>\r\n\r\n                        <\/div>\r\n\r\n                    <\/div>\r\n\r\n                    \r\n                <\/div>\r\n\r\n            \t\t<\/div>\n\t\t\t\t<\/div>\n\t\t\t\t\t<\/div>\n\t\t<\/div>\n\t\t\t\t\t<\/div>\n\t\t<\/section>\n\t\t\t\t<section class=\"elementor-section elementor-top-section elementor-element elementor-element-a9cb902 elementor-section-boxed elementor-section-height-default elementor-section-height-default\" data-id=\"a9cb902\" data-element_type=\"section\" data-settings=\"{&quot;background_background&quot;:&quot;classic&quot;}\">\n\t\t\t\t\t\t<div class=\"elementor-container elementor-column-gap-extended\">\n\t\t\t\t\t<div class=\"elementor-column elementor-col-100 elementor-top-column elementor-element elementor-element-95af75f\" data-id=\"95af75f\" data-element_type=\"column\">\n\t\t\t<div class=\"elementor-widget-wrap elementor-element-populated\">\n\t\t\t\t\t\t<div class=\"elementor-element elementor-element-c6f0e3e elementor-invisible elementor-widget elementor-widget-leadership-testimonials-slider\" data-id=\"c6f0e3e\" data-element_type=\"widget\" data-settings=\"{&quot;_animation&quot;:&quot;fadeIn&quot;}\" data-widget_type=\"leadership-testimonials-slider.default\">\n\t\t\t\t<div class=\"elementor-widget-container\">\n\t\t\t\r\n        <div class=\"swiper-container leadership-testimonial-slider\">\r\n\r\n            <div class=\"swiper-wrapper\">\r\n\r\n                \r\n                \r\n                    <div class=\"swiper-slide\">\r\n\r\n                        <div class=\"leadership-testimonial\"\r\n                             style=\"background-image: url(http:\/\/monikaromanowska.pl\/wp-content\/uploads\/2022\/11\/Untitled-design-18.png);\">\r\n\r\n                            <div class=\"leadership-testimonial-frame\" data-swiper-parallax-scale=\"0.7\"\r\n                                 data-swiper-parallax-x=\"-300\" data-swiper-parallax-duration=\"\">\r\n\r\n                          <span class=\"icon-quotes-icon\">\r\n\r\n                              \r\n                                  <img decoding=\"async\" src=\"https:\/\/monikaromanowska.pl\/lp\/wp-content\/themes\/leadership\/inc\/assets\/img\/life\/quote-icon.svg\"\r\n                                       alt=\"Quote Icon\">\r\n\r\n                              \r\n  \r\n                          <\/span>\r\n\r\n                                <p class=\"leadership-testimonials-text\">\r\n\r\n                                    Pani Monika bardzo profesjonalnie i skutecznie poprowadzi\u0142a moj\u0105 terapi\u0119. Spotkania mia\u0142y swoj\u0105 konkretn\u0105 struktur\u0119, bez chaosu i wra\u017cenia bezcelowo\u015bci. \r\n                                <\/p>\r\n\r\n                                <div class=\"leadership-testimonials-name\">\r\n\r\n                                    Paulina\r\n                                <\/div>\r\n\r\n                                <div class=\"leadership-testimonial-post\">\r\n\r\n                                    \r\n                                <\/div>\r\n\r\n                            <\/div>\r\n\r\n                        <\/div>\r\n\r\n                    <\/div>\r\n\r\n                \r\n                    <div class=\"swiper-slide\">\r\n\r\n                        <div class=\"leadership-testimonial\"\r\n                             style=\"background-image: url(http:\/\/monikaromanowska.pl\/wp-content\/uploads\/2022\/11\/Untitled-design-19.png);\">\r\n\r\n                            <div class=\"leadership-testimonial-frame\" data-swiper-parallax-scale=\"0.7\"\r\n                                 data-swiper-parallax-x=\"-300\" data-swiper-parallax-duration=\"\">\r\n\r\n                          <span class=\"icon-quotes-icon\">\r\n\r\n                              \r\n                                  <img decoding=\"async\" src=\"https:\/\/monikaromanowska.pl\/lp\/wp-content\/themes\/leadership\/inc\/assets\/img\/life\/quote-icon.svg\"\r\n                                       alt=\"Quote Icon\">\r\n\r\n                              \r\n  \r\n                          <\/span>\r\n\r\n                                <p class=\"leadership-testimonials-text\">\r\n\r\n                                    Pani Monika jest bardzo empatyczna, otwarta na uwagi, ma ogromn\u0105 wiedz\u0105 psychologiczn\u0105, naprawd\u0119 polecam terapi\u0119 u niej \ud83d\ude42\r\n                                <\/p>\r\n\r\n                                <div class=\"leadership-testimonials-name\">\r\n\r\n                                    Sebastian\r\n                                <\/div>\r\n\r\n                                <div class=\"leadership-testimonial-post\">\r\n\r\n                                    \r\n                                <\/div>\r\n\r\n                            <\/div>\r\n\r\n                        <\/div>\r\n\r\n                    <\/div>\r\n\r\n                \r\n                    <div class=\"swiper-slide\">\r\n\r\n                        <div class=\"leadership-testimonial\"\r\n                             style=\"background-image: url(https:\/\/monikaromanowska.pl\/wp-content\/uploads\/2024\/05\/Projekt-bez-nazwy-1.png);\">\r\n\r\n                            <div class=\"leadership-testimonial-frame\" data-swiper-parallax-scale=\"0.7\"\r\n                                 data-swiper-parallax-x=\"-300\" data-swiper-parallax-duration=\"\">\r\n\r\n                          <span class=\"icon-quotes-icon\">\r\n\r\n                              \r\n                                  <img decoding=\"async\" src=\"https:\/\/monikaromanowska.pl\/lp\/wp-content\/themes\/leadership\/inc\/assets\/img\/life\/quote-icon.svg\"\r\n                                       alt=\"Quote Icon\">\r\n\r\n                              \r\n  \r\n                          <\/span>\r\n\r\n                                <p class=\"leadership-testimonials-text\">\r\n\r\n                                    Nurt poznawczo-behawioralny pom\u00f3g\u0142 mi znale\u017a\u0107 cel \u017cyciowy i dostrzec wiele schemat\u00f3w, kt\u00f3re mnie dusi\u0142y - dosta\u0142am narz\u0119dzia, by z nich wychodzi\u0107.\r\n                                <\/p>\r\n\r\n                                <div class=\"leadership-testimonials-name\">\r\n\r\n                                    Alicja\r\n                                <\/div>\r\n\r\n                                <div class=\"leadership-testimonial-post\">\r\n\r\n                                    \r\n                                <\/div>\r\n\r\n                            <\/div>\r\n\r\n                        <\/div>\r\n\r\n                    <\/div>\r\n\r\n                \r\n            <\/div>\r\n\r\n            <div class=\"leadership-slider-arrows\">\r\n\r\n                <div class=\"leadership-testimonial-prev\">\r\n\r\n                    \r\n                        <img decoding=\"async\" src=\"https:\/\/monikaromanowska.pl\/lp\/wp-content\/themes\/leadership\/inc\/assets\/img\/life\/arrow-left.svg\"\r\n                             alt=\"Arrow Left\">\r\n\r\n                    \r\n                    \r\n                    \r\n                    \r\n                <\/div>\r\n\r\n                <div class=\"leadership-testimonial-next\">\r\n\r\n                    \r\n                        <img decoding=\"async\" src=\"https:\/\/monikaromanowska.pl\/lp\/wp-content\/themes\/leadership\/inc\/assets\/img\/life\/arrow-right.svg\"\r\n                             alt=\"Arrow Right\">\r\n\r\n                    \r\n                    \r\n                    \r\n                    \r\n                <\/div>\r\n\r\n            <\/div>\r\n\r\n        <\/div>\r\n\r\n        \t\t<\/div>\n\t\t\t\t<\/div>\n\t\t\t\t\t<\/div>\n\t\t<\/div>\n\t\t\t\t\t<\/div>\n\t\t<\/section>\n\t\t\t\t<section class=\"elementor-section elementor-top-section elementor-element elementor-element-68390c9 elementor-section-full_width elementor-section-height-default elementor-section-height-default\" data-id=\"68390c9\" data-element_type=\"section\" data-settings=\"{&quot;background_background&quot;:&quot;classic&quot;}\">\n\t\t\t\t\t\t<div class=\"elementor-container elementor-column-gap-no\">\n\t\t\t\t\t<div class=\"elementor-column elementor-col-100 elementor-top-column elementor-element elementor-element-ab50785\" data-id=\"ab50785\" data-element_type=\"column\">\n\t\t\t<div class=\"elementor-widget-wrap elementor-element-populated\">\n\t\t\t\t\t\t<section class=\"elementor-section elementor-inner-section elementor-element elementor-element-800f76a elementor-section-content-middle elementor-section-boxed elementor-section-height-default elementor-section-height-default\" data-id=\"800f76a\" data-element_type=\"section\">\n\t\t\t\t\t\t<div class=\"elementor-container elementor-column-gap-extended\">\n\t\t\t\t\t<div class=\"elementor-column elementor-col-100 elementor-inner-column elementor-element elementor-element-35ac40d\" data-id=\"35ac40d\" data-element_type=\"column\">\n\t\t\t<div class=\"elementor-widget-wrap elementor-element-populated\">\n\t\t\t\t\t\t<div class=\"elementor-element elementor-element-e387bf0 elementor-invisible elementor-widget elementor-widget-text-editor\" data-id=\"e387bf0\" data-element_type=\"widget\" data-settings=\"{&quot;_animation&quot;:&quot;fadeIn&quot;,&quot;_animation_delay&quot;:200}\" data-widget_type=\"text-editor.default\">\n\t\t\t\t<div class=\"elementor-widget-container\">\n\t\t\t\t\t\t\t                <div class=\"ml-embedded\" data-form=\"4dZ4AE\"><\/div>\n            \t\t\t\t\t\t<\/div>\n\t\t\t\t<\/div>\n\t\t\t\t\t<\/div>\n\t\t<\/div>\n\t\t\t\t\t<\/div>\n\t\t<\/section>\n\t\t\t\t\t<\/div>\n\t\t<\/div>\n\t\t\t\t\t<\/div>\n\t\t<\/section>\n\t\t\t\t<\/div>\n\t\t","protected":false},"excerpt":{"rendered":"<p>ZMIANA JEST MO\u017bLIWA Zyskaj wewn\u0119trzn\u0105 si\u0142\u0119 i \u017cyj pe\u0142niej dzi\u0119ki terapii schemat\u00f3w. \u00a0 Um\u00f3w wizyt\u0119 dr n. spo\u0142. Monika Romanowska [&hellip;]<\/p>\n","protected":false},"author":1,"featured_media":0,"parent":0,"menu_order":0,"comment_status":"closed","ping_status":"closed","template":"","meta":{"_et_pb_use_builder":"","_et_pb_old_content":"","_et_gb_content_width":"","footnotes":""},"class_list":["post-1774","page","type-page","status-publish","hentry"],"acf":[],"_links":{"self":[{"href":"https:\/\/monikaromanowska.pl\/lp\/wp-json\/wp\/v2\/pages\/1774","targetHints":{"allow":["GET"]}}],"collection":[{"href":"https:\/\/monikaromanowska.pl\/lp\/wp-json\/wp\/v2\/pages"}],"about":[{"href":"https:\/\/monikaromanowska.pl\/lp\/wp-json\/wp\/v2\/types\/page"}],"author":[{"embeddable":true,"href":"https:\/\/monikaromanowska.pl\/lp\/wp-json\/wp\/v2\/users\/1"}],"replies":[{"embeddable":true,"href":"https:\/\/monikaromanowska.pl\/lp\/wp-json\/wp\/v2\/comments?post=1774"}],"version-history":[{"count":181,"href":"https:\/\/monikaromanowska.pl\/lp\/wp-json\/wp\/v2\/pages\/1774\/revisions"}],"predecessor-version":[{"id":218707,"href":"https:\/\/monikaromanowska.pl\/lp\/wp-json\/wp\/v2\/pages\/1774\/revisions\/218707"}],"wp:attachment":[{"href":"https:\/\/monikaromanowska.pl\/lp\/wp-json\/wp\/v2\/media?parent=1774"}],"curies":[{"name":"wp","href":"https:\/\/api.w.org\/{rel}","templated":true}]}}