{"id":2360,"date":"2023-01-22T14:16:29","date_gmt":"2023-01-22T13:16:29","guid":{"rendered":"https:\/\/monikaromanowska.pl\/?page_id=2360"},"modified":"2023-12-11T12:49:59","modified_gmt":"2023-12-11T11:49:59","slug":"cennik","status":"publish","type":"page","link":"https:\/\/monikaromanowska.pl\/lp\/cennik\/","title":{"rendered":"Cennik"},"content":{"rendered":"\t\t<div data-elementor-type=\"wp-page\" data-elementor-id=\"2360\" class=\"elementor elementor-2360\">\n\t\t\t\t\t\t<section class=\"elementor-section elementor-top-section elementor-element elementor-element-6ddfaced elementor-section-height-min-height elementor-section-items-stretch elementor-section-content-middle elementor-section-full_width elementor-section-height-default\" data-id=\"6ddfaced\" data-element_type=\"section\" data-settings=\"{&quot;background_background&quot;:&quot;classic&quot;}\">\n\t\t\t\t\t\t<div class=\"elementor-container elementor-column-gap-no\">\n\t\t\t\t\t<div class=\"elementor-column elementor-col-50 elementor-top-column elementor-element elementor-element-2eec0ce\" data-id=\"2eec0ce\" data-element_type=\"column\">\n\t\t\t<div class=\"elementor-widget-wrap elementor-element-populated\">\n\t\t\t\t\t\t<div class=\"elementor-element elementor-element-6ecc230b elementor-widget elementor-widget-heading\" data-id=\"6ecc230b\" data-element_type=\"widget\" data-widget_type=\"heading.default\">\n\t\t\t\t<div class=\"elementor-widget-container\">\n\t\t\t<style>\/*! elementor - v3.23.0 - 25-07-2024 *\/\n.elementor-heading-title{padding:0;margin:0;line-height:1}.elementor-widget-heading .elementor-heading-title[class*=elementor-size-]>a{color:inherit;font-size:inherit;line-height:inherit}.elementor-widget-heading .elementor-heading-title.elementor-size-small{font-size:15px}.elementor-widget-heading .elementor-heading-title.elementor-size-medium{font-size:19px}.elementor-widget-heading .elementor-heading-title.elementor-size-large{font-size:29px}.elementor-widget-heading .elementor-heading-title.elementor-size-xl{font-size:39px}.elementor-widget-heading .elementor-heading-title.elementor-size-xxl{font-size:59px}<\/style><h1 class=\"elementor-heading-title elementor-size-default\">Cennik<\/h1>\t\t<\/div>\n\t\t\t\t<\/div>\n\t\t\t\t<div class=\"elementor-element elementor-element-7554f9b2 elementor-widget elementor-widget-text-editor\" data-id=\"7554f9b2\" data-element_type=\"widget\" data-widget_type=\"text-editor.default\">\n\t\t\t\t<div class=\"elementor-widget-container\">\n\t\t\t<style>\/*! elementor - v3.23.0 - 25-07-2024 *\/\n.elementor-widget-text-editor.elementor-drop-cap-view-stacked .elementor-drop-cap{background-color:#69727d;color:#fff}.elementor-widget-text-editor.elementor-drop-cap-view-framed .elementor-drop-cap{color:#69727d;border:3px solid;background-color:transparent}.elementor-widget-text-editor:not(.elementor-drop-cap-view-default) .elementor-drop-cap{margin-top:8px}.elementor-widget-text-editor:not(.elementor-drop-cap-view-default) .elementor-drop-cap-letter{width:1em;height:1em}.elementor-widget-text-editor .elementor-drop-cap{float:left;text-align:center;line-height:1;font-size:50px}.elementor-widget-text-editor .elementor-drop-cap-letter{display:inline-block}<\/style>\t\t\t\t<p>Terapia indywidualna &#8211; 250 z\u0142<br \/><br \/>Terapia online &#8211; 250 z\u0142<br \/><br \/>Konsultacja psychoterapeutyczna &#8211; 250 z\u0142<\/p>\t\t\t\t\t\t<\/div>\n\t\t\t\t<\/div>\n\t\t\t\t<div class=\"elementor-element elementor-element-18967207 elementor-align-center elementor-mobile-align-center elementor-widget elementor-widget-button\" data-id=\"18967207\" data-element_type=\"widget\" data-widget_type=\"button.default\">\n\t\t\t\t<div class=\"elementor-widget-container\">\n\t\t\t\t\t<div class=\"elementor-button-wrapper\">\n\t\t\t<a class=\"elementor-button elementor-button-link elementor-size-sm\" href=\"https:\/\/monikaromanowska.pl\/rezerwacja\/\">\n\t\t\t\t\t\t<span class=\"elementor-button-content-wrapper\">\n\t\t\t\t\t\t\t\t\t<span class=\"elementor-button-text\">Um\u00f3w si\u0119 na wizyt\u0119<\/span>\n\t\t\t\t\t<\/span>\n\t\t\t\t\t<\/a>\n\t\t<\/div>\n\t\t\t\t<\/div>\n\t\t\t\t<\/div>\n\t\t\t\t\t<\/div>\n\t\t<\/div>\n\t\t\t\t<div class=\"elementor-column elementor-col-50 elementor-top-column elementor-element elementor-element-5c101559\" data-id=\"5c101559\" data-element_type=\"column\" data-settings=\"{&quot;background_background&quot;:&quot;classic&quot;}\">\n\t\t\t<div class=\"elementor-widget-wrap elementor-element-populated\">\n\t\t\t\t\t\t<div class=\"elementor-element elementor-element-67fc397b elementor-widget elementor-widget-image\" data-id=\"67fc397b\" data-element_type=\"widget\" data-widget_type=\"image.default\">\n\t\t\t\t<div class=\"elementor-widget-container\">\n\t\t\t<style>\/*! elementor - v3.23.0 - 25-07-2024 *\/\n.elementor-widget-image{text-align:center}.elementor-widget-image a{display:inline-block}.elementor-widget-image a img[src$=\".svg\"]{width:48px}.elementor-widget-image img{vertical-align:middle;display:inline-block}<\/style>\t\t\t\t\t\t\t\t\t\t<img fetchpriority=\"high\" fetchpriority=\"high\" decoding=\"async\" width=\"1024\" height=\"683\" src=\"https:\/\/monikaromanowska.pl\/lp\/wp-content\/uploads\/2023\/01\/4G7A1878-1024x683.jpg\" class=\"attachment-large size-large wp-image-2502\" alt=\"\" srcset=\"https:\/\/monikaromanowska.pl\/lp\/wp-content\/uploads\/2023\/01\/4G7A1878-1024x683.jpg 1024w, https:\/\/monikaromanowska.pl\/lp\/wp-content\/uploads\/2023\/01\/4G7A1878-300x200.jpg 300w, https:\/\/monikaromanowska.pl\/lp\/wp-content\/uploads\/2023\/01\/4G7A1878-768x512.jpg 768w, https:\/\/monikaromanowska.pl\/lp\/wp-content\/uploads\/2023\/01\/4G7A1878-1536x1024.jpg 1536w, https:\/\/monikaromanowska.pl\/lp\/wp-content\/uploads\/2023\/01\/4G7A1878-2048x1365.jpg 2048w\" sizes=\"(max-width: 1024px) 100vw, 1024px\" \/>\t\t\t\t\t\t\t\t\t\t\t\t\t<\/div>\n\t\t\t\t<\/div>\n\t\t\t\t\t<\/div>\n\t\t<\/div>\n\t\t\t\t\t<\/div>\n\t\t<\/section>\n\t\t\t\t<section class=\"elementor-section elementor-top-section elementor-element elementor-element-f3d88a3 elementor-section-content-middle elementor-section-full_width elementor-reverse-mobile elementor-reverse-tablet elementor-section-height-default elementor-section-height-default\" data-id=\"f3d88a3\" data-element_type=\"section\">\n\t\t\t\t\t\t<div class=\"elementor-container elementor-column-gap-no\">\n\t\t\t\t\t<div class=\"elementor-column elementor-col-50 elementor-top-column elementor-element elementor-element-7294d24e\" data-id=\"7294d24e\" data-element_type=\"column\">\n\t\t\t<div class=\"elementor-widget-wrap elementor-element-populated\">\n\t\t\t\t\t\t<div class=\"elementor-element elementor-element-517e90f3 elementor-widget elementor-widget-image\" data-id=\"517e90f3\" data-element_type=\"widget\" data-widget_type=\"image.default\">\n\t\t\t\t<div class=\"elementor-widget-container\">\n\t\t\t\t\t\t\t\t\t\t\t\t\t<img decoding=\"async\" width=\"1024\" height=\"738\" src=\"https:\/\/monikaromanowska.pl\/lp\/wp-content\/uploads\/2021\/01\/Untitled-design-5-1024x738.png\" class=\"attachment-large size-large wp-image-2221\" alt=\"\" srcset=\"https:\/\/monikaromanowska.pl\/lp\/wp-content\/uploads\/2021\/01\/Untitled-design-5-1024x738.png 1024w, https:\/\/monikaromanowska.pl\/lp\/wp-content\/uploads\/2021\/01\/Untitled-design-5-300x216.png 300w, https:\/\/monikaromanowska.pl\/lp\/wp-content\/uploads\/2021\/01\/Untitled-design-5-768x554.png 768w, https:\/\/monikaromanowska.pl\/lp\/wp-content\/uploads\/2021\/01\/Untitled-design-5.png 1140w\" sizes=\"(max-width: 1024px) 100vw, 1024px\" \/>\t\t\t\t\t\t\t\t\t\t\t\t\t<\/div>\n\t\t\t\t<\/div>\n\t\t\t\t\t<\/div>\n\t\t<\/div>\n\t\t\t\t<div class=\"elementor-column elementor-col-50 elementor-top-column elementor-element elementor-element-3fd85905\" data-id=\"3fd85905\" data-element_type=\"column\">\n\t\t\t<div class=\"elementor-widget-wrap elementor-element-populated\">\n\t\t\t\t\t\t<div class=\"elementor-element elementor-element-6e862a08 elementor-widget elementor-widget-heading\" data-id=\"6e862a08\" data-element_type=\"widget\" data-widget_type=\"heading.default\">\n\t\t\t\t<div class=\"elementor-widget-container\">\n\t\t\t<h2 class=\"elementor-heading-title elementor-size-default\">Przelewy<\/h2>\t\t<\/div>\n\t\t\t\t<\/div>\n\t\t\t\t<div class=\"elementor-element elementor-element-2f453a26 elementor-widget elementor-widget-text-editor\" data-id=\"2f453a26\" data-element_type=\"widget\" data-widget_type=\"text-editor.default\">\n\t\t\t\t<div class=\"elementor-widget-container\">\n\t\t\t\t\t\t\t<p><span class=\"gwp9f1bc98a_highlight\"><span class=\"gwp9f1bc98a_size\"><span class=\"gwp9f1bc98a_font\"><span class=\"gwp9f1bc98a_colour\"><strong>Odbiorca:<\/strong> Monika Romanowska<\/span><\/span><\/span><\/span><span class=\"gwp9f1bc98a_size\"><span class=\"gwp9f1bc98a_font\"><span class=\"gwp9f1bc98a_colour\"><br \/><\/span><\/span><\/span><\/p><p><span class=\"gwp9f1bc98a_highlight\"><span class=\"gwp9f1bc98a_size\"><span class=\"gwp9f1bc98a_font\"><span class=\"gwp9f1bc98a_colour\"><strong>Numer konta:<\/strong> <\/span><\/span><\/span><\/span><\/p><p><span class=\"gwp9f1bc98a_highlight\"><span class=\"gwp9f1bc98a_size\"><span class=\"gwp9f1bc98a_font\"><span class=\"gwp9f1bc98a_colour\">56 1140 2004 0000 3102 7429 0959 (mBank)<\/span><\/span><\/span><\/span><span class=\"gwp9f1bc98a_size\"><span class=\"gwp9f1bc98a_font\"><span class=\"gwp9f1bc98a_colour\"><br \/><\/span><\/span><\/span><\/p><p><span class=\"gwp9f1bc98a_highlight\"><span class=\"gwp9f1bc98a_size\"><span class=\"gwp9f1bc98a_font\"><span class=\"gwp9f1bc98a_colour\"><strong>Tytu\u0142 przelewu:<\/strong> tu podaj dat\u0119 spotkania<\/span><\/span><\/span><\/span><\/p>\t\t\t\t\t\t<\/div>\n\t\t\t\t<\/div>\n\t\t\t\t\t<\/div>\n\t\t<\/div>\n\t\t\t\t\t<\/div>\n\t\t<\/section>\n\t\t\t\t<\/div>\n\t\t","protected":false},"excerpt":{"rendered":"<p>Cennik Terapia indywidualna &#8211; 250 z\u0142 Terapia online &#8211; 250 z\u0142 Konsultacja psychoterapeutyczna &#8211; 250 z\u0142 Um\u00f3w si\u0119 na wizyt\u0119 [&hellip;]<\/p>\n","protected":false},"author":1,"featured_media":0,"parent":0,"menu_order":0,"comment_status":"closed","ping_status":"closed","template":"","meta":{"_et_pb_use_builder":"","_et_pb_old_content":"","_et_gb_content_width":"","footnotes":""},"class_list":["post-2360","page","type-page","status-publish","hentry"],"acf":[],"_links":{"self":[{"href":"https:\/\/monikaromanowska.pl\/lp\/wp-json\/wp\/v2\/pages\/2360","targetHints":{"allow":["GET"]}}],"collection":[{"href":"https:\/\/monikaromanowska.pl\/lp\/wp-json\/wp\/v2\/pages"}],"about":[{"href":"https:\/\/monikaromanowska.pl\/lp\/wp-json\/wp\/v2\/types\/page"}],"author":[{"embeddable":true,"href":"https:\/\/monikaromanowska.pl\/lp\/wp-json\/wp\/v2\/users\/1"}],"replies":[{"embeddable":true,"href":"https:\/\/monikaromanowska.pl\/lp\/wp-json\/wp\/v2\/comments?post=2360"}],"version-history":[{"count":46,"href":"https:\/\/monikaromanowska.pl\/lp\/wp-json\/wp\/v2\/pages\/2360\/revisions"}],"predecessor-version":[{"id":3230,"href":"https:\/\/monikaromanowska.pl\/lp\/wp-json\/wp\/v2\/pages\/2360\/revisions\/3230"}],"wp:attachment":[{"href":"https:\/\/monikaromanowska.pl\/lp\/wp-json\/wp\/v2\/media?parent=2360"}],"curies":[{"name":"wp","href":"https:\/\/api.w.org\/{rel}","templated":true}]}}