{"id":2387,"date":"2023-01-22T14:17:18","date_gmt":"2023-01-22T13:17:18","guid":{"rendered":"https:\/\/monikaromanowska.pl\/?page_id=2387"},"modified":"2023-03-12T16:58:46","modified_gmt":"2023-03-12T15:58:46","slug":"psychoterapia-indywidualna","status":"publish","type":"page","link":"https:\/\/monikaromanowska.pl\/lp\/psychoterapia-indywidualna\/","title":{"rendered":"Psychoterapia indywidualna"},"content":{"rendered":"\t\t<div data-elementor-type=\"wp-page\" data-elementor-id=\"2387\" class=\"elementor elementor-2387\">\n\t\t\t\t\t\t<section class=\"elementor-section elementor-top-section elementor-element elementor-element-2b57789 elementor-section-boxed elementor-section-height-default elementor-section-height-default\" data-id=\"2b57789\" data-element_type=\"section\">\n\t\t\t\t\t\t<div class=\"elementor-container elementor-column-gap-default\">\n\t\t\t\t\t<div class=\"elementor-column elementor-col-100 elementor-top-column elementor-element elementor-element-72f0e4d\" data-id=\"72f0e4d\" data-element_type=\"column\">\n\t\t\t<div class=\"elementor-widget-wrap\">\n\t\t\t\t\t\t\t<\/div>\n\t\t<\/div>\n\t\t\t\t\t<\/div>\n\t\t<\/section>\n\t\t\t\t<section class=\"elementor-section elementor-top-section elementor-element elementor-element-1db506d elementor-section-boxed elementor-section-height-default elementor-section-height-default\" data-id=\"1db506d\" data-element_type=\"section\">\n\t\t\t\t\t\t<div class=\"elementor-container elementor-column-gap-extended\">\n\t\t\t\t\t<div class=\"elementor-column elementor-col-100 elementor-top-column elementor-element elementor-element-45fe26c\" data-id=\"45fe26c\" data-element_type=\"column\">\n\t\t\t<div class=\"elementor-widget-wrap elementor-element-populated\">\n\t\t\t\t\t\t<div class=\"elementor-element elementor-element-7c8cf50 elementor-widget__width-inherit elementor-widget elementor-widget-heading\" data-id=\"7c8cf50\" data-element_type=\"widget\" data-widget_type=\"heading.default\">\n\t\t\t\t<div class=\"elementor-widget-container\">\n\t\t\t<style>\/*! elementor - v3.23.0 - 25-07-2024 *\/\n.elementor-heading-title{padding:0;margin:0;line-height:1}.elementor-widget-heading .elementor-heading-title[class*=elementor-size-]>a{color:inherit;font-size:inherit;line-height:inherit}.elementor-widget-heading .elementor-heading-title.elementor-size-small{font-size:15px}.elementor-widget-heading .elementor-heading-title.elementor-size-medium{font-size:19px}.elementor-widget-heading .elementor-heading-title.elementor-size-large{font-size:29px}.elementor-widget-heading .elementor-heading-title.elementor-size-xl{font-size:39px}.elementor-widget-heading .elementor-heading-title.elementor-size-xxl{font-size:59px}<\/style><h1 class=\"elementor-heading-title elementor-size-xxl\">Psychoterapia indywidualna<\/h1>\t\t<\/div>\n\t\t\t\t<\/div>\n\t\t\t\t\t<\/div>\n\t\t<\/div>\n\t\t\t\t\t<\/div>\n\t\t<\/section>\n\t\t\t\t<section class=\"elementor-section elementor-top-section elementor-element elementor-element-6ddfaced elementor-section-height-min-height elementor-section-items-stretch elementor-section-content-middle elementor-section-full_width elementor-section-height-default\" data-id=\"6ddfaced\" data-element_type=\"section\" data-settings=\"{&quot;background_background&quot;:&quot;classic&quot;}\">\n\t\t\t\t\t\t<div class=\"elementor-container elementor-column-gap-no\">\n\t\t\t\t\t<div class=\"elementor-column elementor-col-50 elementor-top-column elementor-element elementor-element-2eec0ce\" data-id=\"2eec0ce\" data-element_type=\"column\">\n\t\t\t<div class=\"elementor-widget-wrap elementor-element-populated\">\n\t\t\t\t\t\t<div class=\"elementor-element elementor-element-6ecc230b elementor-widget elementor-widget-heading\" data-id=\"6ecc230b\" data-element_type=\"widget\" data-widget_type=\"heading.default\">\n\t\t\t\t<div class=\"elementor-widget-container\">\n\t\t\t<h2 class=\"elementor-heading-title elementor-size-small\">Pomagam osobom, kt\u00f3re:<\/h2>\t\t<\/div>\n\t\t\t\t<\/div>\n\t\t\t\t<div class=\"elementor-element elementor-element-7554f9b2 elementor-widget elementor-widget-text-editor\" data-id=\"7554f9b2\" data-element_type=\"widget\" data-widget_type=\"text-editor.default\">\n\t\t\t\t<div class=\"elementor-widget-container\">\n\t\t\t<style>\/*! elementor - v3.23.0 - 25-07-2024 *\/\n.elementor-widget-text-editor.elementor-drop-cap-view-stacked .elementor-drop-cap{background-color:#69727d;color:#fff}.elementor-widget-text-editor.elementor-drop-cap-view-framed .elementor-drop-cap{color:#69727d;border:3px solid;background-color:transparent}.elementor-widget-text-editor:not(.elementor-drop-cap-view-default) .elementor-drop-cap{margin-top:8px}.elementor-widget-text-editor:not(.elementor-drop-cap-view-default) .elementor-drop-cap-letter{width:1em;height:1em}.elementor-widget-text-editor .elementor-drop-cap{float:left;text-align:center;line-height:1;font-size:50px}.elementor-widget-text-editor .elementor-drop-cap-letter{display:inline-block}<\/style>\t\t\t\t<ul><li><p><span style=\"font-family: var(--text-font); letter-spacing: 0px; word-spacing: 0em;\">Do\u015bwiadczaj\u0105 uporczywego uczucia przygn\u0119bienia, zm\u0119czenia, utraty sensu \u017cycia, osamotnienia<\/span><\/p><\/li><li><p><span class=\"gwp9f1bc98a_size\"><span class=\"gwp9f1bc98a_font\"><span class=\"gwp9f1bc98a_colour\">Zamartwiaj\u0105 si\u0119, boj\u0105 si\u0119 przysz\u0142o\u015bci, s\u0105 nadmiernie zestresowane<\/span><span class=\"gwp9f1bc98a_colour\"><br \/><\/span><\/span><\/span><\/p><\/li><\/ul><ul class=\"gwp9f1bc98a_jm-custom-list gwp9f1bc98a_green\"><li><p><span class=\"gwp9f1bc98a_size\"><span class=\"gwp9f1bc98a_font\"><span class=\"gwp9f1bc98a_colour\">Maj\u0105 problemy w relacjach z innymi<\/span><span class=\"gwp9f1bc98a_colour\"><br \/><\/span><\/span><\/span><\/p><\/li><li><p><span class=\"gwp9f1bc98a_size\"><span class=\"gwp9f1bc98a_font\"><span class=\"gwp9f1bc98a_colour\">Nie mog\u0105 sobie poradzi\u0107 z w\u0142asn\u0105 z\u0142o\u015bci\u0105<\/span><span class=\"gwp9f1bc98a_colour\"><br \/><\/span><\/span><\/span><\/p><\/li><li><p><span class=\"gwp9f1bc98a_size\"><span class=\"gwp9f1bc98a_font\"><span class=\"gwp9f1bc98a_colour\">Prze\u017cy\u0142y trudne do\u015bwiadczenia takie jak choroba, wypadek, \u015bmier\u0107 bliskiej osoby, wykorzystanie seksualne<\/span><span class=\"gwp9f1bc98a_colour\"><br \/><\/span><\/span><\/span><\/p><\/li><li><p><span class=\"gwp9f1bc98a_size\"><span class=\"gwp9f1bc98a_font\"><span class=\"gwp9f1bc98a_colour\">Maj\u0105cym zaburzenia zwi\u0105zane z od\u017cywianiem si\u0119 (przejadanie si\u0119, uporczywe pr\u00f3by schudni\u0119cia)<\/span><span class=\"gwp9f1bc98a_colour\"><br \/><\/span><\/span><\/span><\/p><\/li><li><p><span class=\"gwp9f1bc98a_size\"><span class=\"gwp9f1bc98a_font\"><span class=\"gwp9f1bc98a_colour\">Nie mog\u0105 opanowa\u0107 ryzykownych lub niekorzystnych dla siebie zachowa\u0144<\/span><span class=\"gwp9f1bc98a_colour\"><br \/><\/span><\/span><\/span><\/p><\/li><li><p><span class=\"gwp9f1bc98a_size\"><span class=\"gwp9f1bc98a_font\"><span class=\"gwp9f1bc98a_colour\">Cierpi\u0105 na bezsenno\u015b\u0107<\/span><span class=\"gwp9f1bc98a_colour\"><br \/><\/span><\/span><\/span><\/p><\/li><li><p><span class=\"gwp9f1bc98a_size\"><span class=\"gwp9f1bc98a_font\"><span class=\"gwp9f1bc98a_colour\">Prze\u017cywaj\u0105 rozstanie z partnerem\/partnerk\u0105<\/span><\/span><\/span><\/p><\/li><\/ul>\t\t\t\t\t\t<\/div>\n\t\t\t\t<\/div>\n\t\t\t\t<div class=\"elementor-element elementor-element-18967207 elementor-align-center elementor-mobile-align-center elementor-widget elementor-widget-button\" data-id=\"18967207\" data-element_type=\"widget\" data-widget_type=\"button.default\">\n\t\t\t\t<div class=\"elementor-widget-container\">\n\t\t\t\t\t<div class=\"elementor-button-wrapper\">\n\t\t\t<a class=\"elementor-button elementor-button-link elementor-size-sm\" href=\"https:\/\/monikaromanowska.pl\/rezerwacja\/\">\n\t\t\t\t\t\t<span class=\"elementor-button-content-wrapper\">\n\t\t\t\t\t\t\t\t\t<span class=\"elementor-button-text\">Um\u00f3w si\u0119 na wizyt\u0119<\/span>\n\t\t\t\t\t<\/span>\n\t\t\t\t\t<\/a>\n\t\t<\/div>\n\t\t\t\t<\/div>\n\t\t\t\t<\/div>\n\t\t\t\t\t<\/div>\n\t\t<\/div>\n\t\t\t\t<div class=\"elementor-column elementor-col-50 elementor-top-column elementor-element elementor-element-5c101559\" data-id=\"5c101559\" data-element_type=\"column\" data-settings=\"{&quot;background_background&quot;:&quot;classic&quot;}\">\n\t\t\t<div class=\"elementor-widget-wrap elementor-element-populated\">\n\t\t\t\t\t\t<div class=\"elementor-element elementor-element-67fc397b elementor-widget elementor-widget-image\" data-id=\"67fc397b\" data-element_type=\"widget\" data-widget_type=\"image.default\">\n\t\t\t\t<div class=\"elementor-widget-container\">\n\t\t\t<style>\/*! elementor - v3.23.0 - 25-07-2024 *\/\n.elementor-widget-image{text-align:center}.elementor-widget-image a{display:inline-block}.elementor-widget-image a img[src$=\".svg\"]{width:48px}.elementor-widget-image img{vertical-align:middle;display:inline-block}<\/style>\t\t\t\t\t\t\t\t\t\t<img fetchpriority=\"high\" fetchpriority=\"high\" decoding=\"async\" width=\"683\" height=\"1024\" src=\"https:\/\/monikaromanowska.pl\/lp\/wp-content\/uploads\/2023\/01\/4G7A2646-683x1024.jpg\" class=\"attachment-large size-large wp-image-2423\" alt=\"\" srcset=\"https:\/\/monikaromanowska.pl\/lp\/wp-content\/uploads\/2023\/01\/4G7A2646-683x1024.jpg 683w, https:\/\/monikaromanowska.pl\/lp\/wp-content\/uploads\/2023\/01\/4G7A2646-200x300.jpg 200w, https:\/\/monikaromanowska.pl\/lp\/wp-content\/uploads\/2023\/01\/4G7A2646-768x1152.jpg 768w, https:\/\/monikaromanowska.pl\/lp\/wp-content\/uploads\/2023\/01\/4G7A2646-1024x1536.jpg 1024w, https:\/\/monikaromanowska.pl\/lp\/wp-content\/uploads\/2023\/01\/4G7A2646-1365x2048.jpg 1365w, https:\/\/monikaromanowska.pl\/lp\/wp-content\/uploads\/2023\/01\/4G7A2646-scaled.jpg 1707w\" sizes=\"(max-width: 683px) 100vw, 683px\" \/>\t\t\t\t\t\t\t\t\t\t\t\t\t<\/div>\n\t\t\t\t<\/div>\n\t\t\t\t\t<\/div>\n\t\t<\/div>\n\t\t\t\t\t<\/div>\n\t\t<\/section>\n\t\t\t\t<section class=\"elementor-section elementor-top-section elementor-element elementor-element-f3d88a3 elementor-section-content-middle elementor-section-full_width elementor-reverse-mobile elementor-reverse-tablet elementor-section-height-default elementor-section-height-default\" data-id=\"f3d88a3\" data-element_type=\"section\">\n\t\t\t\t\t\t<div class=\"elementor-container elementor-column-gap-no\">\n\t\t\t\t\t<div class=\"elementor-column elementor-col-50 elementor-top-column elementor-element elementor-element-7294d24e\" data-id=\"7294d24e\" data-element_type=\"column\">\n\t\t\t<div class=\"elementor-widget-wrap elementor-element-populated\">\n\t\t\t\t\t\t<div class=\"elementor-element elementor-element-517e90f3 elementor-widget elementor-widget-image\" data-id=\"517e90f3\" data-element_type=\"widget\" data-widget_type=\"image.default\">\n\t\t\t\t<div class=\"elementor-widget-container\">\n\t\t\t\t\t\t\t\t\t\t\t\t\t<img decoding=\"async\" width=\"768\" height=\"1152\" src=\"https:\/\/monikaromanowska.pl\/lp\/wp-content\/uploads\/2023\/01\/4G7A1875-768x1152.jpg\" class=\"attachment-medium_large size-medium_large wp-image-2412\" alt=\"\" srcset=\"https:\/\/monikaromanowska.pl\/lp\/wp-content\/uploads\/2023\/01\/4G7A1875-768x1152.jpg 768w, https:\/\/monikaromanowska.pl\/lp\/wp-content\/uploads\/2023\/01\/4G7A1875-200x300.jpg 200w, https:\/\/monikaromanowska.pl\/lp\/wp-content\/uploads\/2023\/01\/4G7A1875-683x1024.jpg 683w, https:\/\/monikaromanowska.pl\/lp\/wp-content\/uploads\/2023\/01\/4G7A1875-1024x1536.jpg 1024w, https:\/\/monikaromanowska.pl\/lp\/wp-content\/uploads\/2023\/01\/4G7A1875-1365x2048.jpg 1365w, https:\/\/monikaromanowska.pl\/lp\/wp-content\/uploads\/2023\/01\/4G7A1875-scaled.jpg 1707w\" sizes=\"(max-width: 768px) 100vw, 768px\" \/>\t\t\t\t\t\t\t\t\t\t\t\t\t<\/div>\n\t\t\t\t<\/div>\n\t\t\t\t\t<\/div>\n\t\t<\/div>\n\t\t\t\t<div class=\"elementor-column elementor-col-50 elementor-top-column elementor-element elementor-element-3fd85905\" data-id=\"3fd85905\" data-element_type=\"column\">\n\t\t\t<div class=\"elementor-widget-wrap elementor-element-populated\">\n\t\t\t\t\t\t<div class=\"elementor-element elementor-element-6e862a08 elementor-widget elementor-widget-heading\" data-id=\"6e862a08\" data-element_type=\"widget\" data-widget_type=\"heading.default\">\n\t\t\t\t<div class=\"elementor-widget-container\">\n\t\t\t<h2 class=\"elementor-heading-title elementor-size-small\">Szczeg\u00f3\u0142y<\/h2>\t\t<\/div>\n\t\t\t\t<\/div>\n\t\t\t\t<div class=\"elementor-element elementor-element-2f453a26 elementor-widget elementor-widget-text-editor\" data-id=\"2f453a26\" data-element_type=\"widget\" data-widget_type=\"text-editor.default\">\n\t\t\t\t<div class=\"elementor-widget-container\">\n\t\t\t\t\t\t\t<p>Jedna sesja terapeutyczna trwa 50 minut. Zazwyczaj sesje odbywaj\u0105 si\u0119 <strong>co tydzie\u0144<\/strong>.<\/p><p>\u00a0<\/p><p>Po zarezerwowaniu sta\u0142ego miejsca w terapii, pacjent\/ka <strong>2 razy w okresie 6 miesi\u0119cy<\/strong> mo\u017ce <strong>bezp\u0142atnie<\/strong> odwo\u0142a\u0107 sesj\u0119 terapeutyczn\u0105.<\/p><p>\u00a0<\/p><p>Trzecia nieobecno\u015b\u0107 to koszt <strong>50%<\/strong> ceny sesji, natomiast kolejne s\u0105 p\u0142atne <strong>100 %<\/strong>.\u00a0<\/p>\t\t\t\t\t\t<\/div>\n\t\t\t\t<\/div>\n\t\t\t\t\t<\/div>\n\t\t<\/div>\n\t\t\t\t\t<\/div>\n\t\t<\/section>\n\t\t\t\t<\/div>\n\t\t","protected":false},"excerpt":{"rendered":"<p>Psychoterapia indywidualna Pomagam osobom, kt\u00f3re: Do\u015bwiadczaj\u0105 uporczywego uczucia przygn\u0119bienia, zm\u0119czenia, utraty sensu \u017cycia, osamotnienia Zamartwiaj\u0105 si\u0119, boj\u0105 si\u0119 przysz\u0142o\u015bci, s\u0105 [&hellip;]<\/p>\n","protected":false},"author":1,"featured_media":0,"parent":0,"menu_order":0,"comment_status":"closed","ping_status":"closed","template":"","meta":{"_et_pb_use_builder":"","_et_pb_old_content":"","_et_gb_content_width":"","footnotes":""},"class_list":["post-2387","page","type-page","status-publish","hentry"],"acf":[],"_links":{"self":[{"href":"https:\/\/monikaromanowska.pl\/lp\/wp-json\/wp\/v2\/pages\/2387","targetHints":{"allow":["GET"]}}],"collection":[{"href":"https:\/\/monikaromanowska.pl\/lp\/wp-json\/wp\/v2\/pages"}],"about":[{"href":"https:\/\/monikaromanowska.pl\/lp\/wp-json\/wp\/v2\/types\/page"}],"author":[{"embeddable":true,"href":"https:\/\/monikaromanowska.pl\/lp\/wp-json\/wp\/v2\/users\/1"}],"replies":[{"embeddable":true,"href":"https:\/\/monikaromanowska.pl\/lp\/wp-json\/wp\/v2\/comments?post=2387"}],"version-history":[{"count":100,"href":"https:\/\/monikaromanowska.pl\/lp\/wp-json\/wp\/v2\/pages\/2387\/revisions"}],"predecessor-version":[{"id":2729,"href":"https:\/\/monikaromanowska.pl\/lp\/wp-json\/wp\/v2\/pages\/2387\/revisions\/2729"}],"wp:attachment":[{"href":"https:\/\/monikaromanowska.pl\/lp\/wp-json\/wp\/v2\/media?parent=2387"}],"curies":[{"name":"wp","href":"https:\/\/api.w.org\/{rel}","templated":true}]}}