{"id":2517,"date":"2023-02-12T13:48:00","date_gmt":"2023-02-12T12:48:00","guid":{"rendered":"https:\/\/monikaromanowska.pl\/?page_id=2517"},"modified":"2023-03-12T17:01:28","modified_gmt":"2023-03-12T16:01:28","slug":"psychoterapia-online","status":"publish","type":"page","link":"https:\/\/monikaromanowska.pl\/lp\/psychoterapia-online\/","title":{"rendered":"Psychoterapia Online"},"content":{"rendered":"\t\t<div data-elementor-type=\"wp-page\" data-elementor-id=\"2517\" class=\"elementor elementor-2517\">\n\t\t\t\t\t\t<section class=\"elementor-section elementor-top-section elementor-element elementor-element-6ddfaced elementor-section-height-min-height elementor-section-items-stretch elementor-section-content-middle elementor-section-full_width elementor-section-height-default\" data-id=\"6ddfaced\" data-element_type=\"section\" data-settings=\"{&quot;background_background&quot;:&quot;classic&quot;}\">\n\t\t\t\t\t\t<div class=\"elementor-container elementor-column-gap-no\">\n\t\t\t\t\t<div class=\"elementor-column elementor-col-50 elementor-top-column elementor-element elementor-element-2eec0ce\" data-id=\"2eec0ce\" data-element_type=\"column\">\n\t\t\t<div class=\"elementor-widget-wrap elementor-element-populated\">\n\t\t\t\t\t\t<div class=\"elementor-element elementor-element-6ecc230b elementor-widget elementor-widget-heading\" data-id=\"6ecc230b\" data-element_type=\"widget\" data-widget_type=\"heading.default\">\n\t\t\t\t<div class=\"elementor-widget-container\">\n\t\t\t<style>\/*! elementor - v3.23.0 - 25-07-2024 *\/\n.elementor-heading-title{padding:0;margin:0;line-height:1}.elementor-widget-heading .elementor-heading-title[class*=elementor-size-]>a{color:inherit;font-size:inherit;line-height:inherit}.elementor-widget-heading .elementor-heading-title.elementor-size-small{font-size:15px}.elementor-widget-heading .elementor-heading-title.elementor-size-medium{font-size:19px}.elementor-widget-heading .elementor-heading-title.elementor-size-large{font-size:29px}.elementor-widget-heading .elementor-heading-title.elementor-size-xl{font-size:39px}.elementor-widget-heading .elementor-heading-title.elementor-size-xxl{font-size:59px}<\/style><h2 class=\"elementor-heading-title elementor-size-default\">Terapia online<\/h2>\t\t<\/div>\n\t\t\t\t<\/div>\n\t\t\t\t<div class=\"elementor-element elementor-element-7554f9b2 elementor-widget elementor-widget-text-editor\" data-id=\"7554f9b2\" data-element_type=\"widget\" data-widget_type=\"text-editor.default\">\n\t\t\t\t<div class=\"elementor-widget-container\">\n\t\t\t<style>\/*! elementor - v3.23.0 - 25-07-2024 *\/\n.elementor-widget-text-editor.elementor-drop-cap-view-stacked .elementor-drop-cap{background-color:#69727d;color:#fff}.elementor-widget-text-editor.elementor-drop-cap-view-framed .elementor-drop-cap{color:#69727d;border:3px solid;background-color:transparent}.elementor-widget-text-editor:not(.elementor-drop-cap-view-default) .elementor-drop-cap{margin-top:8px}.elementor-widget-text-editor:not(.elementor-drop-cap-view-default) .elementor-drop-cap-letter{width:1em;height:1em}.elementor-widget-text-editor .elementor-drop-cap{float:left;text-align:center;line-height:1;font-size:50px}.elementor-widget-text-editor .elementor-drop-cap-letter{display:inline-block}<\/style>\t\t\t\t<p>Terapia online ma tak\u0105 sam\u0105 skuteczno\u015b\u0107 jak terapia tradycyjna. Spotkania trwaj\u0105 50 minut i odbywaj\u0105 si\u0119 przez Skype, jednak w razie potrzeby mo\u017cemy korzysta\u0107 tak\u017ce z WhatsApp lub zwyk\u0142ej rozmowy telefonicznej.<\/p>\t\t\t\t\t\t<\/div>\n\t\t\t\t<\/div>\n\t\t\t\t<div class=\"elementor-element elementor-element-18967207 elementor-align-center elementor-mobile-align-center elementor-widget elementor-widget-button\" data-id=\"18967207\" data-element_type=\"widget\" data-widget_type=\"button.default\">\n\t\t\t\t<div class=\"elementor-widget-container\">\n\t\t\t\t\t<div class=\"elementor-button-wrapper\">\n\t\t\t<a class=\"elementor-button elementor-button-link elementor-size-sm\" href=\"https:\/\/monikaromanowska.pl\/rezerwacja\/\">\n\t\t\t\t\t\t<span class=\"elementor-button-content-wrapper\">\n\t\t\t\t\t\t\t\t\t<span class=\"elementor-button-text\">Um\u00f3w si\u0119 na wizyt\u0119<\/span>\n\t\t\t\t\t<\/span>\n\t\t\t\t\t<\/a>\n\t\t<\/div>\n\t\t\t\t<\/div>\n\t\t\t\t<\/div>\n\t\t\t\t\t<\/div>\n\t\t<\/div>\n\t\t\t\t<div class=\"elementor-column elementor-col-50 elementor-top-column elementor-element elementor-element-5c101559\" data-id=\"5c101559\" data-element_type=\"column\" data-settings=\"{&quot;background_background&quot;:&quot;classic&quot;}\">\n\t\t\t<div class=\"elementor-widget-wrap elementor-element-populated\">\n\t\t\t\t\t\t<div class=\"elementor-element elementor-element-67fc397b elementor-widget elementor-widget-image\" data-id=\"67fc397b\" data-element_type=\"widget\" data-widget_type=\"image.default\">\n\t\t\t\t<div class=\"elementor-widget-container\">\n\t\t\t<style>\/*! elementor - v3.23.0 - 25-07-2024 *\/\n.elementor-widget-image{text-align:center}.elementor-widget-image a{display:inline-block}.elementor-widget-image a img[src$=\".svg\"]{width:48px}.elementor-widget-image img{vertical-align:middle;display:inline-block}<\/style>\t\t\t\t\t\t\t\t\t\t<img fetchpriority=\"high\" fetchpriority=\"high\" decoding=\"async\" width=\"768\" height=\"1094\" src=\"https:\/\/monikaromanowska.pl\/lp\/wp-content\/uploads\/2023\/02\/4G7A2031-768x1094.jpg\" class=\"attachment-medium_large size-medium_large wp-image-2604\" alt=\"\" srcset=\"https:\/\/monikaromanowska.pl\/lp\/wp-content\/uploads\/2023\/02\/4G7A2031-768x1094.jpg 768w, https:\/\/monikaromanowska.pl\/lp\/wp-content\/uploads\/2023\/02\/4G7A2031-211x300.jpg 211w, https:\/\/monikaromanowska.pl\/lp\/wp-content\/uploads\/2023\/02\/4G7A2031-719x1024.jpg 719w, https:\/\/monikaromanowska.pl\/lp\/wp-content\/uploads\/2023\/02\/4G7A2031-1079x1536.jpg 1079w, https:\/\/monikaromanowska.pl\/lp\/wp-content\/uploads\/2023\/02\/4G7A2031-1438x2048.jpg 1438w, https:\/\/monikaromanowska.pl\/lp\/wp-content\/uploads\/2023\/02\/4G7A2031-scaled.jpg 1798w\" sizes=\"(max-width: 768px) 100vw, 768px\" \/>\t\t\t\t\t\t\t\t\t\t\t\t\t<\/div>\n\t\t\t\t<\/div>\n\t\t\t\t\t<\/div>\n\t\t<\/div>\n\t\t\t\t\t<\/div>\n\t\t<\/section>\n\t\t\t\t<section class=\"elementor-section elementor-top-section elementor-element elementor-element-f3d88a3 elementor-section-content-middle elementor-section-full_width elementor-reverse-mobile elementor-reverse-tablet elementor-section-height-default elementor-section-height-default\" data-id=\"f3d88a3\" data-element_type=\"section\">\n\t\t\t\t\t\t<div class=\"elementor-container elementor-column-gap-no\">\n\t\t\t\t\t<div class=\"elementor-column elementor-col-50 elementor-top-column elementor-element elementor-element-7294d24e\" data-id=\"7294d24e\" data-element_type=\"column\">\n\t\t\t<div class=\"elementor-widget-wrap elementor-element-populated\">\n\t\t\t\t\t\t<div class=\"elementor-element elementor-element-517e90f3 elementor-widget elementor-widget-image\" data-id=\"517e90f3\" data-element_type=\"widget\" data-widget_type=\"image.default\">\n\t\t\t\t<div class=\"elementor-widget-container\">\n\t\t\t\t\t\t\t\t\t\t\t\t\t<img decoding=\"async\" width=\"768\" height=\"1152\" src=\"https:\/\/monikaromanowska.pl\/lp\/wp-content\/uploads\/2023\/02\/4G7A1882-768x1152.jpg\" class=\"attachment-medium_large size-medium_large wp-image-2608\" alt=\"\" srcset=\"https:\/\/monikaromanowska.pl\/lp\/wp-content\/uploads\/2023\/02\/4G7A1882-768x1152.jpg 768w, https:\/\/monikaromanowska.pl\/lp\/wp-content\/uploads\/2023\/02\/4G7A1882-200x300.jpg 200w, https:\/\/monikaromanowska.pl\/lp\/wp-content\/uploads\/2023\/02\/4G7A1882-683x1024.jpg 683w, https:\/\/monikaromanowska.pl\/lp\/wp-content\/uploads\/2023\/02\/4G7A1882-1024x1536.jpg 1024w, https:\/\/monikaromanowska.pl\/lp\/wp-content\/uploads\/2023\/02\/4G7A1882-1365x2048.jpg 1365w, https:\/\/monikaromanowska.pl\/lp\/wp-content\/uploads\/2023\/02\/4G7A1882-scaled.jpg 1707w\" sizes=\"(max-width: 768px) 100vw, 768px\" \/>\t\t\t\t\t\t\t\t\t\t\t\t\t<\/div>\n\t\t\t\t<\/div>\n\t\t\t\t\t<\/div>\n\t\t<\/div>\n\t\t\t\t<div class=\"elementor-column elementor-col-50 elementor-top-column elementor-element elementor-element-3fd85905\" data-id=\"3fd85905\" data-element_type=\"column\">\n\t\t\t<div class=\"elementor-widget-wrap elementor-element-populated\">\n\t\t\t\t\t\t<div class=\"elementor-element elementor-element-6e862a08 elementor-widget elementor-widget-heading\" data-id=\"6e862a08\" data-element_type=\"widget\" data-widget_type=\"heading.default\">\n\t\t\t\t<div class=\"elementor-widget-container\">\n\t\t\t<h2 class=\"elementor-heading-title elementor-size-default\">Jak si\u0119 um\u00f3wi\u0107 na spotkanie?<\/h2>\t\t<\/div>\n\t\t\t\t<\/div>\n\t\t\t\t<div class=\"elementor-element elementor-element-2f453a26 elementor-widget elementor-widget-text-editor\" data-id=\"2f453a26\" data-element_type=\"widget\" data-widget_type=\"text-editor.default\">\n\t\t\t\t<div class=\"elementor-widget-container\">\n\t\t\t\t\t\t\t<ul><li><span style=\"text-decoration: underline;\"><strong>Krok 1.<\/strong> <\/span>Zarezerwuj i op\u0142a\u0107 pierwsz\u0105 konsultacj\u0119 poprzez formularz na stronie lub email do mnie.<\/li><li><span style=\"text-decoration: underline;\"><strong>Krok: 2.<\/strong><\/span> W um\u00f3wionym terminie wyszukaj mnie na Skype i zadzwo\u0144:<\/li><\/ul><p>\u201eMonika Romanowska, Psycholog, Psychoterapeutka CBT\u201d<\/p><p><a href=\"https:\/\/join.skype.com\/invite\/m8ok7ZD0t6Om\">https:\/\/join.skype.com\/invite\/m8ok7ZD0t6Om<\/a><\/p><ul><li><span style=\"text-decoration: underline;\"><strong>Krok 3.<\/strong><\/span> Gdy masz ju\u017c ustalony sta\u0142y dzie\u0144 i godzin\u0119 terapii online, kolejne wizyty mo\u017cesz op\u0142aca\u0107 poprzez przelewy na moje konto:<\/li><\/ul><p><strong>Odbiorca:<\/strong> Monika Romanowska<\/p><p><strong>Numer konta:<\/strong> 56 1140 2004 0000 3102 7429 0959 (mBank)<\/p><p><strong>Tytu\u0142 przelewu:<\/strong> tu podaj dat\u0119 spotkania.<\/p>\t\t\t\t\t\t<\/div>\n\t\t\t\t<\/div>\n\t\t\t\t\t<\/div>\n\t\t<\/div>\n\t\t\t\t\t<\/div>\n\t\t<\/section>\n\t\t\t\t<\/div>\n\t\t","protected":false},"excerpt":{"rendered":"<p>Terapia online Terapia online ma tak\u0105 sam\u0105 skuteczno\u015b\u0107 jak terapia tradycyjna. Spotkania trwaj\u0105 50 minut i odbywaj\u0105 si\u0119 przez Skype, [&hellip;]<\/p>\n","protected":false},"author":1,"featured_media":0,"parent":0,"menu_order":0,"comment_status":"closed","ping_status":"closed","template":"","meta":{"_et_pb_use_builder":"","_et_pb_old_content":"","_et_gb_content_width":"","footnotes":""},"class_list":["post-2517","page","type-page","status-publish","hentry"],"acf":[],"_links":{"self":[{"href":"https:\/\/monikaromanowska.pl\/lp\/wp-json\/wp\/v2\/pages\/2517","targetHints":{"allow":["GET"]}}],"collection":[{"href":"https:\/\/monikaromanowska.pl\/lp\/wp-json\/wp\/v2\/pages"}],"about":[{"href":"https:\/\/monikaromanowska.pl\/lp\/wp-json\/wp\/v2\/types\/page"}],"author":[{"embeddable":true,"href":"https:\/\/monikaromanowska.pl\/lp\/wp-json\/wp\/v2\/users\/1"}],"replies":[{"embeddable":true,"href":"https:\/\/monikaromanowska.pl\/lp\/wp-json\/wp\/v2\/comments?post=2517"}],"version-history":[{"count":22,"href":"https:\/\/monikaromanowska.pl\/lp\/wp-json\/wp\/v2\/pages\/2517\/revisions"}],"predecessor-version":[{"id":2735,"href":"https:\/\/monikaromanowska.pl\/lp\/wp-json\/wp\/v2\/pages\/2517\/revisions\/2735"}],"wp:attachment":[{"href":"https:\/\/monikaromanowska.pl\/lp\/wp-json\/wp\/v2\/media?parent=2517"}],"curies":[{"name":"wp","href":"https:\/\/api.w.org\/{rel}","templated":true}]}}