{"id":2551,"date":"2023-02-19T16:27:13","date_gmt":"2023-02-19T15:27:13","guid":{"rendered":"https:\/\/monikaromanowska.pl\/?page_id=2551"},"modified":"2025-03-25T14:04:26","modified_gmt":"2025-03-25T13:04:26","slug":"rezerwacja","status":"publish","type":"page","link":"https:\/\/monikaromanowska.pl\/lp\/rezerwacja\/","title":{"rendered":"Rezerwacja"},"content":{"rendered":"\t\t<div data-elementor-type=\"wp-page\" data-elementor-id=\"2551\" class=\"elementor elementor-2551\">\n\t\t\t\t\t\t<section class=\"elementor-section elementor-top-section elementor-element elementor-element-93ada4d elementor-section-boxed elementor-section-height-default elementor-section-height-default\" data-id=\"93ada4d\" data-element_type=\"section\">\n\t\t\t\t\t\t<div class=\"elementor-container elementor-column-gap-default\">\n\t\t\t\t\t<div class=\"elementor-column elementor-col-100 elementor-top-column elementor-element elementor-element-63d0323\" data-id=\"63d0323\" data-element_type=\"column\">\n\t\t\t<div class=\"elementor-widget-wrap elementor-element-populated\">\n\t\t\t\t\t\t<div class=\"elementor-element elementor-element-036c626 elementor-widget elementor-widget-text-editor\" data-id=\"036c626\" data-element_type=\"widget\" data-widget_type=\"text-editor.default\">\n\t\t\t\t<div class=\"elementor-widget-container\">\n\t\t\t<style>\/*! elementor - v3.23.0 - 25-07-2024 *\/\n.elementor-widget-text-editor.elementor-drop-cap-view-stacked .elementor-drop-cap{background-color:#69727d;color:#fff}.elementor-widget-text-editor.elementor-drop-cap-view-framed .elementor-drop-cap{color:#69727d;border:3px solid;background-color:transparent}.elementor-widget-text-editor:not(.elementor-drop-cap-view-default) .elementor-drop-cap{margin-top:8px}.elementor-widget-text-editor:not(.elementor-drop-cap-view-default) .elementor-drop-cap-letter{width:1em;height:1em}.elementor-widget-text-editor .elementor-drop-cap{float:left;text-align:center;line-height:1;font-size:50px}.elementor-widget-text-editor .elementor-drop-cap-letter{display:inline-block}<\/style>\t\t\t\t<p><span style=\"color: var(--text-color); font-family: var(--text-font); font-weight: var( --e-global-typography-text-font-weight ); background-color: rgb(255, 255, 255);\">A<\/span><span style=\"color: var(--text-color); font-family: var(--text-font); font-weight: var( --e-global-typography-text-font-weight ); background-color: rgb(255, 255, 255);\">ktualnie nie posiadam wolnych miejsc w terapii &#8220;od zaraz&#8221;. Je\u015bli jeste\u015b zainteresowany\/a wsp\u00f3\u0142prac\u0105 ze mn\u0105, to zostaw tutaj swojego maila. Kiedy tylko zwolni si\u0119 jakiekolwiek miejsce, wysy\u0142am maila do ca\u0142ej listy. Zapisanie si\u0119 na list\u0119 nie jest zobowi\u0105zuj\u0105ce &#8211; mo\u017cesz w tym czasie szuka\u0107 innego terapeuty. Zapisuj\u0105c si\u0119, wyra\u017casz jednocze\u015bnie zgod\u0119 na otrzymywanie ode mnie newslettera, z kt\u00f3rego w ka\u017cdej chwili mo\u017cna si\u0119 wypisa\u0107.<\/span><\/p>\t\t\t\t\t\t<\/div>\n\t\t\t\t<\/div>\n\t\t\t\t\t<\/div>\n\t\t<\/div>\n\t\t\t\t\t<\/div>\n\t\t<\/section>\n\t\t\t\t<section class=\"elementor-section elementor-top-section elementor-element elementor-element-9ec5ab3 elementor-section-boxed elementor-section-height-default elementor-section-height-default\" data-id=\"9ec5ab3\" data-element_type=\"section\">\n\t\t\t\t\t\t<div class=\"elementor-container elementor-column-gap-default\">\n\t\t\t\t\t<div class=\"elementor-column elementor-col-100 elementor-top-column elementor-element elementor-element-0f18c55\" data-id=\"0f18c55\" data-element_type=\"column\">\n\t\t\t<div class=\"elementor-widget-wrap elementor-element-populated\">\n\t\t\t\t\t\t<div class=\"elementor-element elementor-element-b5ec668 elementor-widget__width-inherit elementor-widget elementor-widget-shortcode\" data-id=\"b5ec668\" data-element_type=\"widget\" data-widget_type=\"shortcode.default\">\n\t\t\t\t<div class=\"elementor-widget-container\">\n\t\t\t\t\t<div class=\"elementor-shortcode\">                <div class=\"ml-embedded\" data-form=\"XVQ80n\"><\/div>\n            <\/div>\n\t\t\t\t<\/div>\n\t\t\t\t<\/div>\n\t\t\t\t\t<\/div>\n\t\t<\/div>\n\t\t\t\t\t<\/div>\n\t\t<\/section>\n\t\t\t\t<\/div>\n\t\t","protected":false},"excerpt":{"rendered":"<p>Aktualnie nie posiadam wolnych miejsc w terapii &#8220;od zaraz&#8221;. Je\u015bli jeste\u015b zainteresowany\/a wsp\u00f3\u0142prac\u0105 ze mn\u0105, to zostaw tutaj swojego maila. [&hellip;]<\/p>\n","protected":false},"author":1,"featured_media":0,"parent":0,"menu_order":0,"comment_status":"closed","ping_status":"closed","template":"","meta":{"_et_pb_use_builder":"","_et_pb_old_content":"","_et_gb_content_width":"","footnotes":""},"class_list":["post-2551","page","type-page","status-publish","hentry"],"acf":[],"_links":{"self":[{"href":"https:\/\/monikaromanowska.pl\/lp\/wp-json\/wp\/v2\/pages\/2551","targetHints":{"allow":["GET"]}}],"collection":[{"href":"https:\/\/monikaromanowska.pl\/lp\/wp-json\/wp\/v2\/pages"}],"about":[{"href":"https:\/\/monikaromanowska.pl\/lp\/wp-json\/wp\/v2\/types\/page"}],"author":[{"embeddable":true,"href":"https:\/\/monikaromanowska.pl\/lp\/wp-json\/wp\/v2\/users\/1"}],"replies":[{"embeddable":true,"href":"https:\/\/monikaromanowska.pl\/lp\/wp-json\/wp\/v2\/comments?post=2551"}],"version-history":[{"count":76,"href":"https:\/\/monikaromanowska.pl\/lp\/wp-json\/wp\/v2\/pages\/2551\/revisions"}],"predecessor-version":[{"id":218804,"href":"https:\/\/monikaromanowska.pl\/lp\/wp-json\/wp\/v2\/pages\/2551\/revisions\/218804"}],"wp:attachment":[{"href":"https:\/\/monikaromanowska.pl\/lp\/wp-json\/wp\/v2\/media?parent=2551"}],"curies":[{"name":"wp","href":"https:\/\/api.w.org\/{rel}","templated":true}]}}