{"id":273,"date":"2021-04-24T21:52:00","date_gmt":"2021-04-24T19:52:00","guid":{"rendered":"https:\/\/highseastudio.com\/demo\/coach\/life\/?page_id=273"},"modified":"2025-01-19T14:05:39","modified_gmt":"2025-01-19T13:05:39","slug":"o-mnie","status":"publish","type":"page","link":"https:\/\/monikaromanowska.pl\/lp\/o-mnie\/","title":{"rendered":"O mnie"},"content":{"rendered":"\t\t<div data-elementor-type=\"wp-page\" data-elementor-id=\"273\" class=\"elementor elementor-273\">\n\t\t\t\t\t\t<section class=\"elementor-section elementor-top-section elementor-element elementor-element-f74b55a elementor-section-height-full hero-scene elementor-section-boxed elementor-section-height-default elementor-section-items-middle\" data-id=\"f74b55a\" data-element_type=\"section\" data-settings=\"{&quot;background_background&quot;:&quot;classic&quot;}\">\n\t\t\t\t\t\t<div class=\"elementor-container elementor-column-gap-extended\">\n\t\t\t\t\t<div class=\"elementor-column elementor-col-50 elementor-top-column elementor-element elementor-element-645d367\" data-id=\"645d367\" data-element_type=\"column\">\n\t\t\t<div class=\"elementor-widget-wrap\">\n\t\t\t\t\t\t\t<\/div>\n\t\t<\/div>\n\t\t\t\t<div class=\"elementor-column elementor-col-50 elementor-top-column elementor-element elementor-element-d26ced6\" data-id=\"d26ced6\" data-element_type=\"column\">\n\t\t\t<div class=\"elementor-widget-wrap elementor-element-populated\">\n\t\t\t\t\t\t<div class=\"elementor-element elementor-element-7b36937 elementor-widget-tablet__width-initial elementor-invisible elementor-widget elementor-widget-heading\" data-id=\"7b36937\" data-element_type=\"widget\" data-settings=\"{&quot;_animation&quot;:&quot;fadeInUp&quot;}\" data-widget_type=\"heading.default\">\n\t\t\t\t<div class=\"elementor-widget-container\">\n\t\t\t<style>\/*! elementor - v3.23.0 - 25-07-2024 *\/\n.elementor-heading-title{padding:0;margin:0;line-height:1}.elementor-widget-heading .elementor-heading-title[class*=elementor-size-]>a{color:inherit;font-size:inherit;line-height:inherit}.elementor-widget-heading .elementor-heading-title.elementor-size-small{font-size:15px}.elementor-widget-heading .elementor-heading-title.elementor-size-medium{font-size:19px}.elementor-widget-heading .elementor-heading-title.elementor-size-large{font-size:29px}.elementor-widget-heading .elementor-heading-title.elementor-size-xl{font-size:39px}.elementor-widget-heading .elementor-heading-title.elementor-size-xxl{font-size:59px}<\/style><h1 class=\"elementor-heading-title elementor-size-xl\">Monika Romanowska<\/h1>\t\t<\/div>\n\t\t\t\t<\/div>\n\t\t\t\t<div class=\"elementor-element elementor-element-3afac1f elementor-hidden-tablet elementor-hidden-phone elementor-invisible elementor-widget elementor-widget-text-editor\" data-id=\"3afac1f\" data-element_type=\"widget\" data-settings=\"{&quot;_animation&quot;:&quot;fadeInUp&quot;,&quot;_animation_delay&quot;:200}\" data-widget_type=\"text-editor.default\">\n\t\t\t\t<div class=\"elementor-widget-container\">\n\t\t\t<style>\/*! elementor - v3.23.0 - 25-07-2024 *\/\n.elementor-widget-text-editor.elementor-drop-cap-view-stacked .elementor-drop-cap{background-color:#69727d;color:#fff}.elementor-widget-text-editor.elementor-drop-cap-view-framed .elementor-drop-cap{color:#69727d;border:3px solid;background-color:transparent}.elementor-widget-text-editor:not(.elementor-drop-cap-view-default) .elementor-drop-cap{margin-top:8px}.elementor-widget-text-editor:not(.elementor-drop-cap-view-default) .elementor-drop-cap-letter{width:1em;height:1em}.elementor-widget-text-editor .elementor-drop-cap{float:left;text-align:center;line-height:1;font-size:50px}.elementor-widget-text-editor .elementor-drop-cap-letter{display:inline-block}<\/style>\t\t\t\t<p><span style=\"font-size: medium;\">Od lat wspieram rozw\u00f3j moich klient\u00f3w i klientek. Pomagam nazwa\u0107 problemy, prze\u0142ama\u0107 ograniczaj\u0105ce przekonania, poradzi\u0107 sobie z emocjami i trudn\u0105 przesz\u0142o\u015bci\u0105 i \u017cy\u0107 pe\u0142niej. <\/span><\/p>\t\t\t\t\t\t<\/div>\n\t\t\t\t<\/div>\n\t\t\t\t\t<\/div>\n\t\t<\/div>\n\t\t\t\t\t<\/div>\n\t\t<\/section>\n\t\t\t\t<section class=\"elementor-section elementor-top-section elementor-element elementor-element-7421228 elementor-section-boxed elementor-section-height-default elementor-section-height-default\" data-id=\"7421228\" data-element_type=\"section\" data-settings=\"{&quot;background_background&quot;:&quot;classic&quot;}\">\n\t\t\t\t\t\t<div class=\"elementor-container elementor-column-gap-extended\">\n\t\t\t\t\t<div class=\"elementor-column elementor-col-50 elementor-top-column elementor-element elementor-element-537f5cf sticky-content\" data-id=\"537f5cf\" data-element_type=\"column\">\n\t\t\t<div class=\"elementor-widget-wrap elementor-element-populated\">\n\t\t\t\t\t\t<div class=\"elementor-element elementor-element-0d4cec8 elementor-invisible elementor-widget elementor-widget-heading\" data-id=\"0d4cec8\" data-element_type=\"widget\" data-settings=\"{&quot;_animation&quot;:&quot;fadeIn&quot;}\" data-widget_type=\"heading.default\">\n\t\t\t\t<div class=\"elementor-widget-container\">\n\t\t\t<h2 class=\"elementor-heading-title elementor-size-default\">O mnie<\/h2>\t\t<\/div>\n\t\t\t\t<\/div>\n\t\t\t\t\t<\/div>\n\t\t<\/div>\n\t\t\t\t<div class=\"elementor-column elementor-col-50 elementor-top-column elementor-element elementor-element-1daea87\" data-id=\"1daea87\" data-element_type=\"column\">\n\t\t\t<div class=\"elementor-widget-wrap elementor-element-populated\">\n\t\t\t\t\t\t<div class=\"elementor-element elementor-element-e3900be elementor-invisible elementor-widget elementor-widget-heading\" data-id=\"e3900be\" data-element_type=\"widget\" data-settings=\"{&quot;_animation&quot;:&quot;fadeIn&quot;,&quot;_animation_delay&quot;:200}\" data-widget_type=\"heading.default\">\n\t\t\t\t<div class=\"elementor-widget-container\">\n\t\t\t<h4 class=\"elementor-heading-title elementor-size-default\">Kim jestem?<\/h4>\t\t<\/div>\n\t\t\t\t<\/div>\n\t\t\t\t<div class=\"elementor-element elementor-element-a74fa49 elementor-invisible elementor-widget elementor-widget-text-editor\" data-id=\"a74fa49\" data-element_type=\"widget\" data-settings=\"{&quot;_animation&quot;:&quot;fadeIn&quot;,&quot;_animation_delay&quot;:200}\" data-widget_type=\"text-editor.default\">\n\t\t\t\t<div class=\"elementor-widget-container\">\n\t\t\t\t\t\t\t<p class=\"p1\"><strong>Jestem dr n. spo\u0142. w dziedzinie psychologii, certyfikowan\u0105 psychoterapeutk\u0105 poznawczo-behawioraln\u0105 <a href=\"https:\/\/www.pttpb.pl\/licencjonowani-terapeuci\">(certyfikat PTTPB nr 355)<\/a>, oraz indywidualn\u0105 terapeutk\u0105 schemat\u00f3w <a href=\"https:\/\/schematherapysociety.org\/Sys\/PublicProfile\/68990046\/3699748\">(certyfikat ISST nr IND-3646)<\/a>, <\/strong>cz\u0142onkini\u0105 Polskiego Towarzystwa Terapii Poznawczej i Behawioralnej oraz International Society of Schema Therapy.<\/p><p>Jestem r\u00f3wnie\u017c \u017con\u0105, mam\u0105 dw\u00f3ch c\u00f3rek w wieku 10 i 5 lat oraz w\u0142a\u015bcicielk\u0105 Kota Aurelka. W wolnym czasie sporo czytam, chodz\u0119 na spacery, uprawiam ogr\u00f3d i trenuj\u0119 si\u0142owo \ud83d\udda4<\/p>\t\t\t\t\t\t<\/div>\n\t\t\t\t<\/div>\n\t\t\t\t<div class=\"elementor-element elementor-element-8308084 elementor-invisible elementor-widget elementor-widget-heading\" data-id=\"8308084\" data-element_type=\"widget\" data-settings=\"{&quot;_animation&quot;:&quot;fadeIn&quot;,&quot;_animation_delay&quot;:400}\" data-widget_type=\"heading.default\">\n\t\t\t\t<div class=\"elementor-widget-container\">\n\t\t\t<h4 class=\"elementor-heading-title elementor-size-default\">Moje kwalifikacje<\/h4>\t\t<\/div>\n\t\t\t\t<\/div>\n\t\t\t\t<div class=\"elementor-element elementor-element-d545c28 elementor-invisible elementor-widget elementor-widget-text-editor\" data-id=\"d545c28\" data-element_type=\"widget\" data-settings=\"{&quot;_animation&quot;:&quot;fadeIn&quot;,&quot;_animation_delay&quot;:400}\" data-widget_type=\"text-editor.default\">\n\t\t\t\t<div class=\"elementor-widget-container\">\n\t\t\t\t\t\t\t<p>Uko\u0144czy\u0142am<strong>\u00a0psychologi\u0119\u00a0<\/strong>w ramach Mi\u0119dzywydzia\u0142owych Indywidualnych Studi\u00f3w Humanistycznych na Uniwersytecie Jagiello\u0144skim, a nast\u0119pnie\u00a0<b>czteroletnie studia z\u00a0<\/b><a href=\"http:\/\/www.psycholog-pebe.pl\/psychoterapia-poznawczo-behawioralna-gdynia\"><b>psychoterapii <\/b>poznawczo-behawioralnej<\/a> na SWPS w Sopocie. W 2022 roku obroni\u0142am z wyr\u00f3\u017cnieniem <b>doktorat<\/b> z psychologii po\u015bwi\u0119cony historii idei nie\u015bwiadomo\u015bci.\u00a0<span style=\"color: var( --e-global-color-text );\">Pracuj\u0119 w zawodzie od 2009 roku, w tym od 2011 roku prowadz\u0119 praktyk\u0119 prywatn\u0105 w Gdyni i online. Pracuj\u0119 z osobami doros\u0142ymi.<\/span><\/p><p><span style=\"color: var(--text-color); font-family: var(--text-font);\">Publikowa\u0142am w czasopismach takich jak &#8220;Theory &amp; Psychology&#8221; oraz &#8220;Psychoterapia&#8221;. Moje materia\u0142y psychoedukacyjne mo\u017cesz znale\u017a\u0107 na <span style=\"text-decoration: underline;\"><strong><a href=\"https:\/\/homopsychologicus.pl\/\">blogu<\/a>, <a href=\"https:\/\/www.facebook.com\/MonikaRomanowskaPsychologGdynia\/\">Facebooku<\/a> i\u00a0<\/strong><\/span><\/span><span style=\"text-decoration: underline;\"><strong><a href=\"https:\/\/www.instagram.com\/monika.romanowska.psycholog\/\" target=\"_blank\" rel=\"noopener\">Instagramie<\/a><\/strong><\/span><span style=\"color: var(--text-color); font-family: var(--text-font);\"><span style=\"text-decoration: underline;\"><strong>.<\/strong><\/span> Moje pe\u0142ne CV wraz z list\u0105 uko\u0144czonych szkole\u0144 <span style=\"text-decoration: underline;\"><strong><a href=\"https:\/\/monikaromanowska.pl\/wp-content\/uploads\/2024\/08\/Monika-Romanowska-CV-pdf.pdf\">mo\u017cesz znale\u017a\u0107 tu<\/a>.<\/strong><\/span><\/span><\/p>\t\t\t\t\t\t<\/div>\n\t\t\t\t<\/div>\n\t\t\t\t\t<\/div>\n\t\t<\/div>\n\t\t\t\t\t<\/div>\n\t\t<\/section>\n\t\t\t\t<section class=\"elementor-section elementor-top-section elementor-element elementor-element-a248a6f elementor-section-full_width elementor-section-height-full elementor-section-items-stretch elementor-reverse-tablet elementor-section-height-default\" data-id=\"a248a6f\" data-element_type=\"section\">\n\t\t\t\t\t\t<div class=\"elementor-container elementor-column-gap-no\">\n\t\t\t\t\t<div class=\"elementor-column elementor-col-50 elementor-top-column elementor-element elementor-element-3371df1\" data-id=\"3371df1\" data-element_type=\"column\" data-settings=\"{&quot;background_background&quot;:&quot;classic&quot;}\">\n\t\t\t<div class=\"elementor-widget-wrap elementor-element-populated\">\n\t\t\t\t\t\t<section class=\"elementor-section elementor-inner-section elementor-element elementor-element-f46622c elementor-widget__width-initial elementor-widget-tablet__width-initial elementor-section-boxed elementor-section-height-default elementor-section-height-default elementor-invisible\" data-id=\"f46622c\" data-element_type=\"section\" data-settings=\"{&quot;animation&quot;:&quot;fadeIn&quot;}\">\n\t\t\t\t\t\t<div class=\"elementor-container elementor-column-gap-extended\">\n\t\t\t\t\t<div class=\"elementor-column elementor-col-100 elementor-inner-column elementor-element elementor-element-ec8f217\" data-id=\"ec8f217\" data-element_type=\"column\">\n\t\t\t<div class=\"elementor-widget-wrap elementor-element-populated\">\n\t\t\t\t\t\t<div class=\"elementor-element elementor-element-598d854 elementor-widget elementor-widget-html\" data-id=\"598d854\" data-element_type=\"widget\" data-widget_type=\"html.default\">\n\t\t\t\t<div class=\"elementor-widget-container\">\n\t\t\t<span class=\"quotes-icon\">\r\n                <svg xmlns=\"http:\/\/www.w3.org\/2000\/svg\" width=\"61\" height=\"48\" viewBox=\"0 0 61 48\">\r\n                  <g fill=\"none\" fill-rule=\"evenodd\">\r\n                    <path fill=\"#FFF\" d=\"M0 0H1366V4382H0z\" transform=\"translate(-125 -1692)\"><\/path>\r\n                    <path fill=\"#D5DEE7\" fill-rule=\"nonzero\" d=\"M0 1522H683V2122H0z\" transform=\"translate(-125 -1692)\"><\/path>\r\n                    <path fill=\"#C1CBD3\" d=\"M129 1740c-2.667-6.997-4-13.942-4-20.836 0-7.923 2.154-14.43 6.462-19.524 4.307-5.093 10.615-7.64 18.923-7.64v12.039c-5.641 0-8.462 3.858-8.462 11.575v1.698H153V1740h-24zm33.73 0c-2.487-6.688-3.73-13.633-3.73-20.836 0-7.923 2.064-14.43 6.19-19.524 4.128-5.093 10.219-7.64 18.274-7.64v12.039c-5.47 0-8.204 3.858-8.204 11.575v1.698H186V1740h-23.27z\" transform=\"translate(-125 -1692)\"><\/path>\r\n                  <\/g>\r\n                <\/svg>\r\n              <\/span>\t\t<\/div>\n\t\t\t\t<\/div>\n\t\t\t\t<div class=\"elementor-element elementor-element-a7dd871 elementor-widget elementor-widget-heading\" data-id=\"a7dd871\" data-element_type=\"widget\" data-widget_type=\"heading.default\">\n\t\t\t\t<div class=\"elementor-widget-container\">\n\t\t\t<h3 class=\"elementor-heading-title elementor-size-default\">Teraz, w tym \u017cyciu, mamy wszystko, co niezb\u0119dne, by zmieni\u0107 film swego \u017cycia, tak by te same rzeczy nie przydarza\u0142y si\u0119 nam wci\u0105\u017c od nowa. <br> Pema Ch\u00f6dr\u00f6n<\/h3>\t\t<\/div>\n\t\t\t\t<\/div>\n\t\t\t\t\t<\/div>\n\t\t<\/div>\n\t\t\t\t\t<\/div>\n\t\t<\/section>\n\t\t\t\t\t<\/div>\n\t\t<\/div>\n\t\t\t\t<div class=\"elementor-column elementor-col-50 elementor-top-column elementor-element elementor-element-178bf90\" data-id=\"178bf90\" data-element_type=\"column\" data-settings=\"{&quot;background_background&quot;:&quot;classic&quot;}\">\n\t\t\t<div class=\"elementor-widget-wrap elementor-element-populated\">\n\t\t\t\t\t\t<div class=\"elementor-element elementor-element-8ef898e elementor-widget elementor-widget-spacer\" data-id=\"8ef898e\" data-element_type=\"widget\" data-widget_type=\"spacer.default\">\n\t\t\t\t<div class=\"elementor-widget-container\">\n\t\t\t<style>\/*! elementor - v3.23.0 - 25-07-2024 *\/\n.elementor-column .elementor-spacer-inner{height:var(--spacer-size)}.e-con{--container-widget-width:100%}.e-con-inner>.elementor-widget-spacer,.e-con>.elementor-widget-spacer{width:var(--container-widget-width,var(--spacer-size));--align-self:var(--container-widget-align-self,initial);--flex-shrink:0}.e-con-inner>.elementor-widget-spacer>.elementor-widget-container,.e-con>.elementor-widget-spacer>.elementor-widget-container{height:100%;width:100%}.e-con-inner>.elementor-widget-spacer>.elementor-widget-container>.elementor-spacer,.e-con>.elementor-widget-spacer>.elementor-widget-container>.elementor-spacer{height:100%}.e-con-inner>.elementor-widget-spacer>.elementor-widget-container>.elementor-spacer>.elementor-spacer-inner,.e-con>.elementor-widget-spacer>.elementor-widget-container>.elementor-spacer>.elementor-spacer-inner{height:var(--container-widget-height,var(--spacer-size))}.e-con-inner>.elementor-widget-spacer.elementor-widget-empty,.e-con>.elementor-widget-spacer.elementor-widget-empty{position:relative;min-height:22px;min-width:22px}.e-con-inner>.elementor-widget-spacer.elementor-widget-empty .elementor-widget-empty-icon,.e-con>.elementor-widget-spacer.elementor-widget-empty .elementor-widget-empty-icon{position:absolute;top:0;bottom:0;left:0;right:0;margin:auto;padding:0;width:22px;height:22px}<\/style>\t\t<div class=\"elementor-spacer\">\n\t\t\t<div class=\"elementor-spacer-inner\"><\/div>\n\t\t<\/div>\n\t\t\t\t<\/div>\n\t\t\t\t<\/div>\n\t\t\t\t\t<\/div>\n\t\t<\/div>\n\t\t\t\t\t<\/div>\n\t\t<\/section>\n\t\t\t\t<section class=\"elementor-section elementor-top-section elementor-element elementor-element-0f3ea14 elementor-reverse-tablet elementor-reverse-mobile elementor-section-boxed elementor-section-height-default elementor-section-height-default\" data-id=\"0f3ea14\" data-element_type=\"section\" data-settings=\"{&quot;background_background&quot;:&quot;classic&quot;}\">\n\t\t\t\t\t\t<div class=\"elementor-container elementor-column-gap-extended\">\n\t\t\t\t\t<div class=\"elementor-column elementor-col-50 elementor-top-column elementor-element elementor-element-5a43a0a\" data-id=\"5a43a0a\" data-element_type=\"column\">\n\t\t\t<div class=\"elementor-widget-wrap elementor-element-populated\">\n\t\t\t\t\t\t<div class=\"elementor-element elementor-element-93f6808 elementor-invisible elementor-widget elementor-widget-heading\" data-id=\"93f6808\" data-element_type=\"widget\" data-settings=\"{&quot;_animation&quot;:&quot;fadeIn&quot;,&quot;_animation_delay&quot;:200}\" data-widget_type=\"heading.default\">\n\t\t\t\t<div class=\"elementor-widget-container\">\n\t\t\t<h4 class=\"elementor-heading-title elementor-size-default\">Moje warto\u015bci<\/h4>\t\t<\/div>\n\t\t\t\t<\/div>\n\t\t\t\t<div class=\"elementor-element elementor-element-212975d elementor-invisible elementor-widget elementor-widget-text-editor\" data-id=\"212975d\" data-element_type=\"widget\" data-settings=\"{&quot;_animation&quot;:&quot;fadeIn&quot;,&quot;_animation_delay&quot;:200}\" data-widget_type=\"text-editor.default\">\n\t\t\t\t<div class=\"elementor-widget-container\">\n\t\t\t\t\t\t\t<p>Preferuj\u0119 podej\u015bcie oparte na metodach udowodnionych naukowo po\u0142\u0105czonych z ciep\u0142em i wyobra\u017ani\u0105. Nie jestem &#8220;wr\u00f3\u017ck\u0105&#8221; ani szamank\u0105 &#8211; wierz\u0119 w systematyczne poznawanie siebie i nauk\u0119 nowych umiej\u0119tno\u015bci. Troska o siebie, \u017cyczliwo\u015b\u0107 dla siebie, wewn\u0119trzny spok\u00f3j to rzeczy, kt\u00f3re mo\u017cna wypracowa\u0107. Zmiana jest mo\u017cliwa, a kryzysy mijaj\u0105 &#8211; jestem po to, by Ci\u0119 w tych procesach wspiera\u0107.<\/p>\t\t\t\t\t\t<\/div>\n\t\t\t\t<\/div>\n\t\t\t\t<div class=\"elementor-element elementor-element-8647c46 elementor-invisible elementor-widget elementor-widget-heading\" data-id=\"8647c46\" data-element_type=\"widget\" data-settings=\"{&quot;_animation&quot;:&quot;fadeIn&quot;,&quot;_animation_delay&quot;:400}\" data-widget_type=\"heading.default\">\n\t\t\t\t<div class=\"elementor-widget-container\">\n\t\t\t<h4 class=\"elementor-heading-title elementor-size-default\">W czym mog\u0119 Ci pom\u00f3c?<\/h4>\t\t<\/div>\n\t\t\t\t<\/div>\n\t\t\t\t<div class=\"elementor-element elementor-element-d948088 elementor-invisible elementor-widget elementor-widget-text-editor\" data-id=\"d948088\" data-element_type=\"widget\" data-settings=\"{&quot;_animation&quot;:&quot;fadeIn&quot;,&quot;_animation_delay&quot;:400}\" data-widget_type=\"text-editor.default\">\n\t\t\t\t<div class=\"elementor-widget-container\">\n\t\t\t\t\t\t\t<p>Do Twoich problem\u00f3w podejd\u0119 z trosk\u0105, empati\u0105 i otwarto\u015bci\u0105. Czerpi\u0119 wielk\u0105 satysfakcj\u0119 z pomocy moim pacjentom i wierz\u0119 w sukces ka\u017cdej osoby, kt\u00f3ra podejmie si\u0119 zmiany.\u00a0<\/p>\t\t\t\t\t\t<\/div>\n\t\t\t\t<\/div>\n\t\t\t\t\t<\/div>\n\t\t<\/div>\n\t\t\t\t<div class=\"elementor-column elementor-col-50 elementor-top-column elementor-element elementor-element-d76d428 sticky-content\" data-id=\"d76d428\" data-element_type=\"column\">\n\t\t\t<div class=\"elementor-widget-wrap elementor-element-populated\">\n\t\t\t\t\t\t<div class=\"elementor-element elementor-element-c8d6d04 elementor-invisible elementor-widget elementor-widget-heading\" data-id=\"c8d6d04\" data-element_type=\"widget\" data-settings=\"{&quot;_animation&quot;:&quot;fadeIn&quot;}\" data-widget_type=\"heading.default\">\n\t\t\t\t<div class=\"elementor-widget-container\">\n\t\t\t<h2 class=\"elementor-heading-title elementor-size-default\">Psychoterapia<\/h2>\t\t<\/div>\n\t\t\t\t<\/div>\n\t\t\t\t\t<\/div>\n\t\t<\/div>\n\t\t\t\t\t<\/div>\n\t\t<\/section>\n\t\t\t\t<section class=\"elementor-section elementor-top-section elementor-element elementor-element-e7521bd elementor-section-boxed elementor-section-height-default elementor-section-height-default\" data-id=\"e7521bd\" data-element_type=\"section\" data-settings=\"{&quot;background_background&quot;:&quot;classic&quot;}\">\n\t\t\t\t\t\t<div class=\"elementor-container elementor-column-gap-extended\">\n\t\t\t\t\t<div class=\"elementor-column elementor-col-100 elementor-top-column elementor-element elementor-element-37b638e\" data-id=\"37b638e\" data-element_type=\"column\">\n\t\t\t<div class=\"elementor-widget-wrap elementor-element-populated\">\n\t\t\t\t\t\t<div class=\"elementor-element elementor-element-d9f0941 elementor-invisible elementor-widget elementor-widget-heading\" data-id=\"d9f0941\" data-element_type=\"widget\" data-settings=\"{&quot;_animation&quot;:&quot;fadeIn&quot;}\" data-widget_type=\"heading.default\">\n\t\t\t\t<div class=\"elementor-widget-container\">\n\t\t\t<h3 class=\"elementor-heading-title elementor-size-default\">Wsp\u00f3\u0142pracowa\u0142am z:<\/h3>\t\t<\/div>\n\t\t\t\t<\/div>\n\t\t\t\t<div class=\"elementor-element elementor-element-7d7ce56 elementor-widget elementor-widget-theme-logo-slider\" data-id=\"7d7ce56\" data-element_type=\"widget\" data-widget_type=\"theme-logo-slider.default\">\n\t\t\t\t<div class=\"elementor-widget-container\">\n\t\t\t\r\n        <div class=\"swiper-container theme-logos-slider\">\r\n\r\n            <div class=\"swiper-wrapper\">\r\n\r\n                \r\n                \r\n                    <div class=\"swiper-slide\">\r\n\r\n                        <img decoding=\"async\" src=\"http:\/\/monikaromanowska.pl\/wp-content\/uploads\/2022\/11\/Untitled-design-11.png\" alt=\"logo\">\r\n\r\n                    <\/div>\r\n\r\n                \r\n                    <div class=\"swiper-slide\">\r\n\r\n                        <img decoding=\"async\" src=\"http:\/\/monikaromanowska.pl\/wp-content\/uploads\/2022\/11\/Untitled-design-13.png\" alt=\"logo\">\r\n\r\n                    <\/div>\r\n\r\n                \r\n                    <div class=\"swiper-slide\">\r\n\r\n                        <img decoding=\"async\" src=\"http:\/\/monikaromanowska.pl\/wp-content\/uploads\/2022\/11\/Untitled-design-15.png\" alt=\"logo\">\r\n\r\n                    <\/div>\r\n\r\n                \r\n                    <div class=\"swiper-slide\">\r\n\r\n                        <img decoding=\"async\" src=\"http:\/\/monikaromanowska.pl\/wp-content\/uploads\/2022\/11\/Untitled-design-16.png\" alt=\"logo\">\r\n\r\n                    <\/div>\r\n\r\n                \r\n                    <div class=\"swiper-slide\">\r\n\r\n                        <img decoding=\"async\" src=\"http:\/\/monikaromanowska.pl\/wp-content\/uploads\/2022\/11\/Untitled-design-17.png\" alt=\"logo\">\r\n\r\n                    <\/div>\r\n\r\n                \r\n            <\/div>\r\n\r\n        <\/div>\r\n\r\n        \t\t<\/div>\n\t\t\t\t<\/div>\n\t\t\t\t\t<\/div>\n\t\t<\/div>\n\t\t\t\t\t<\/div>\n\t\t<\/section>\n\t\t\t\t<section class=\"elementor-section elementor-top-section elementor-element elementor-element-a258ac5 elementor-section-boxed elementor-section-height-default elementor-section-height-default\" data-id=\"a258ac5\" data-element_type=\"section\" data-settings=\"{&quot;background_background&quot;:&quot;classic&quot;}\">\n\t\t\t\t\t\t<div class=\"elementor-container elementor-column-gap-extended\">\n\t\t\t\t\t<div class=\"elementor-column elementor-col-100 elementor-top-column elementor-element elementor-element-f0fca0d\" data-id=\"f0fca0d\" data-element_type=\"column\">\n\t\t\t<div class=\"elementor-widget-wrap elementor-element-populated\">\n\t\t\t\t\t\t<div class=\"elementor-element elementor-element-2950bf0 elementor-invisible elementor-widget elementor-widget-heading\" data-id=\"2950bf0\" data-element_type=\"widget\" data-settings=\"{&quot;_animation&quot;:&quot;fadeIn&quot;}\" data-widget_type=\"heading.default\">\n\t\t\t\t<div class=\"elementor-widget-container\">\n\t\t\t<h3 class=\"elementor-heading-title elementor-size-default\">Um\u00f3w si\u0119 na wizyt\u0119<\/h3>\t\t<\/div>\n\t\t\t\t<\/div>\n\t\t\t\t<div class=\"elementor-element elementor-element-913212b elementor-invisible elementor-widget elementor-widget-text-editor\" data-id=\"913212b\" data-element_type=\"widget\" data-settings=\"{&quot;_animation&quot;:&quot;fadeIn&quot;,&quot;_animation_delay&quot;:200}\" data-widget_type=\"text-editor.default\">\n\t\t\t\t<div class=\"elementor-widget-container\">\n\t\t\t\t\t\t\t<p>Ze wzgl\u0119du na charakter pracy odpowiadam wy\u0142\u0105cznie na SMSy<\/p>\t\t\t\t\t\t<\/div>\n\t\t\t\t<\/div>\n\t\t\t\t<div class=\"elementor-element elementor-element-7190b4e elementor-widget__width-auto elementor-invisible elementor-widget elementor-widget-leadership-button\" data-id=\"7190b4e\" data-element_type=\"widget\" data-settings=\"{&quot;_animation&quot;:&quot;fadeIn&quot;,&quot;_animation_delay&quot;:400}\" data-widget_type=\"leadership-button.default\">\n\t\t\t\t<div class=\"elementor-widget-container\">\n\t\t\t\r\n        <div class=\"button-wrapper\">\r\n\r\n            <a href=\"https:\/\/monikaromanowska.pl\/rezerwacja\/\"\r\n               class=\"leadership-btn leadership-border-btn    \"\r\n               target=\"_self\">\r\n\r\n                Um\u00f3w si\u0119\r\n                \r\n            <\/a>\r\n\r\n        <\/div>\r\n\r\n        \t\t<\/div>\n\t\t\t\t<\/div>\n\t\t\t\t\t<\/div>\n\t\t<\/div>\n\t\t\t\t\t<\/div>\n\t\t<\/section>\n\t\t\t\t<\/div>\n\t\t","protected":false},"excerpt":{"rendered":"<p>Monika Romanowska Od lat wspieram rozw\u00f3j moich klient\u00f3w i klientek. Pomagam nazwa\u0107 problemy, prze\u0142ama\u0107 ograniczaj\u0105ce przekonania, poradzi\u0107 sobie z emocjami [&hellip;]<\/p>\n","protected":false},"author":1,"featured_media":0,"parent":0,"menu_order":0,"comment_status":"closed","ping_status":"closed","template":"","meta":{"_et_pb_use_builder":"","_et_pb_old_content":"","_et_gb_content_width":"","footnotes":""},"class_list":["post-273","page","type-page","status-publish","hentry"],"acf":[],"_links":{"self":[{"href":"https:\/\/monikaromanowska.pl\/lp\/wp-json\/wp\/v2\/pages\/273","targetHints":{"allow":["GET"]}}],"collection":[{"href":"https:\/\/monikaromanowska.pl\/lp\/wp-json\/wp\/v2\/pages"}],"about":[{"href":"https:\/\/monikaromanowska.pl\/lp\/wp-json\/wp\/v2\/types\/page"}],"author":[{"embeddable":true,"href":"https:\/\/monikaromanowska.pl\/lp\/wp-json\/wp\/v2\/users\/1"}],"replies":[{"embeddable":true,"href":"https:\/\/monikaromanowska.pl\/lp\/wp-json\/wp\/v2\/comments?post=273"}],"version-history":[{"count":111,"href":"https:\/\/monikaromanowska.pl\/lp\/wp-json\/wp\/v2\/pages\/273\/revisions"}],"predecessor-version":[{"id":218751,"href":"https:\/\/monikaromanowska.pl\/lp\/wp-json\/wp\/v2\/pages\/273\/revisions\/218751"}],"wp:attachment":[{"href":"https:\/\/monikaromanowska.pl\/lp\/wp-json\/wp\/v2\/media?parent=273"}],"curies":[{"name":"wp","href":"https:\/\/api.w.org\/{rel}","templated":true}]}}