{"id":4268,"date":"2024-05-30T09:45:54","date_gmt":"2024-05-30T07:45:54","guid":{"rendered":"https:\/\/monikaromanowska.pl\/?post_type=product&#038;p=4268"},"modified":"2024-06-05T14:21:31","modified_gmt":"2024-06-05T12:21:31","slug":"5-strategii-na-wewnetrznego-krytyka-2","status":"publish","type":"product","link":"https:\/\/monikaromanowska.pl\/lp\/produkt\/5-strategii-na-wewnetrznego-krytyka-2\/","title":{"rendered":"5 strategii na Wewn\u0119trznego Krytyka"},"content":{"rendered":"<p><a href=\"https:\/\/monikaromanowska.pl\/5strategii\/\"><strong>&#8220;5 strategii na Wewn\u0119trznego Krytyka&#8221;<\/strong><\/a> to mini-szkolenie w formie wideo ze slajdami i workbookiem dla kobiet, kt\u00f3re maj\u0105 problem z przyt\u0142aczaj\u0105cymi je my\u015blami, gdy pr\u00f3buj\u0105 odpuszcza\u0107.<\/p>\n<p>&nbsp;<\/p>\n<blockquote><p><strong><a href=\"https:\/\/monikaromanowska.pl\/5strategii\/\">Tutaj poczytasz wi\u0119cej o tym szkoleniu, zapraszam:) &lt;&lt;<\/a><\/strong><\/p>\n<p>&nbsp;<\/p><\/blockquote>\n<p>&nbsp;<\/p>\n<p><a href=\"https:\/\/monikaromanowska.pl\/5strategii\/\"><strong>Wewn\u0119trzny Krytyk<\/strong><\/a> to cz\u0119\u015b\u0107 osobowo\u015bci, kt\u00f3ra motywuje Ci\u0119 w spos\u00f3b negatywny do zyskiwania akceptacji poprzez bycie najlepsz\u0105 i perfekcyjnie przygotowan\u0105. W szkoleniu omawiam:<\/p>\n<p>&nbsp;<\/p>\n<p>1. <strong>Schemat nadmiernych wymaga\u0144<\/strong> i jego \u017ar\u00f3d\u0142o<br \/>\n2. Czym jest <strong>Wewn\u0119trzne Dziecko<\/strong> i jak si\u0119 nim zaopiekowa\u0107, by by\u0142o odporne na g\u0142os Krytyka<br \/>\n3. Jak wprowadzi\u0107 do swojego \u017cycia nawyk codziennej pracy nad sob\u0105 \u2013 <strong>praca z my\u015blami w dzienniku<\/strong><br \/>\n4. Jak przeprowadzi\u0107 <strong>audyt swojego czasu<\/strong>, gdy g\u0142os krytyczny sk\u0142ania Ci\u0119 do \u017cycia w p\u0119dzie<br \/>\n5. Co to znaczy <strong>dba\u0107 o siebie<\/strong> i jak wprowadzi\u0107 to w \u017cycie<\/p>\n","protected":false},"excerpt":{"rendered":"<p><a href=\"https:\/\/monikaromanowska.pl\/5strategii\/\"><strong>&#8220;5 strategii na Wewn\u0119trznego Krytyka&#8221;<\/strong> <\/a>to mini-szkolenie w formie wideo ze slajdami i workbookiem dla kobiet, kt\u00f3re maj\u0105 problem z przyt\u0142aczaj\u0105cymi je my\u015blami, gdy pr\u00f3buj\u0105 odpuszcza\u0107.<\/p>\n","protected":false},"featured_media":3499,"comment_status":"open","ping_status":"closed","template":"","meta":{"_et_pb_use_builder":"","_et_pb_old_content":"","_et_gb_content_width":""},"product_cat":[70],"product_tag":[72,58,71],"class_list":{"0":"post-4268","1":"product","2":"type-product","3":"status-publish","4":"has-post-thumbnail","6":"product_cat-kursy-online","7":"product_tag-odpuszczanie","8":"product_tag-perfekcjonizm","9":"product_tag-wewnetrzny-krytyk","11":"first","12":"instock","13":"downloadable","14":"virtual","15":"purchasable","16":"product-type-simple"},"acf":[],"_links":{"self":[{"href":"https:\/\/monikaromanowska.pl\/lp\/wp-json\/wp\/v2\/product\/4268","targetHints":{"allow":["GET"]}}],"collection":[{"href":"https:\/\/monikaromanowska.pl\/lp\/wp-json\/wp\/v2\/product"}],"about":[{"href":"https:\/\/monikaromanowska.pl\/lp\/wp-json\/wp\/v2\/types\/product"}],"replies":[{"embeddable":true,"href":"https:\/\/monikaromanowska.pl\/lp\/wp-json\/wp\/v2\/comments?post=4268"}],"version-history":[{"count":11,"href":"https:\/\/monikaromanowska.pl\/lp\/wp-json\/wp\/v2\/product\/4268\/revisions"}],"predecessor-version":[{"id":4327,"href":"https:\/\/monikaromanowska.pl\/lp\/wp-json\/wp\/v2\/product\/4268\/revisions\/4327"}],"wp:featuredmedia":[{"embeddable":true,"href":"https:\/\/monikaromanowska.pl\/lp\/wp-json\/wp\/v2\/media\/3499"}],"wp:attachment":[{"href":"https:\/\/monikaromanowska.pl\/lp\/wp-json\/wp\/v2\/media?parent=4268"}],"wp:term":[{"taxonomy":"product_cat","embeddable":true,"href":"https:\/\/monikaromanowska.pl\/lp\/wp-json\/wp\/v2\/product_cat?post=4268"},{"taxonomy":"product_tag","embeddable":true,"href":"https:\/\/monikaromanowska.pl\/lp\/wp-json\/wp\/v2\/product_tag?post=4268"}],"curies":[{"name":"wp","href":"https:\/\/api.w.org\/{rel}","templated":true}]}}